{"id":239,"date":"2019-03-28T10:29:42","date_gmt":"2019-03-28T10:29:42","guid":{"rendered":"http:\/\/vivelloc.cat\/?page_id=239"},"modified":"2026-03-05T11:33:38","modified_gmt":"2026-03-05T11:33:38","slug":"insercio-laboral-empreses","status":"publish","type":"page","link":"https:\/\/vivelloc.cat\/es\/que-fem\/serveis-a-empreses-i-a-administracions\/insercio-laboral-empreses\/","title":{"rendered":"Servicio de Intermediaci\u00f3n Laboral"},"content":{"rendered":"<p>Tant si ets una empresa ordin\u00e0ria com un Centre Especial de Treball, des de la Fundaci\u00f3 Viver de Bell-Lloc et podem acompanyar en els teus processos de selecci\u00f3.<\/p>\n<h2>El Servei d&#8217;Inserci\u00f3 i Orientaci\u00f3 Laboral de Viver de Bell-lloc al teu abast<\/h2>\n<p>De manera totalment <strong>gratuita<\/strong> ponemos a tu disposici\u00f3n:<\/p>\n<ul>\n<li>Un <strong>equipo multidisciplinar<\/strong> de profesionales especializados en la atenci\u00f3n e inserci\u00f3n de personas con especiales dificultades.<\/li>\n<li><strong>Asesoramiento<\/strong> y <strong>orientaci\u00f3n<\/strong> en temes relacionats amb subvencions, ajuts a la contractaci\u00f3 i sobre la <a href=\"https:\/\/portaljuridic.gencat.cat\/ca\/normativa\/dret-a-catalunya\/Codis-legislacio\/codi-Drets_persones_discapacitat\/\">Llei d\u2019Inserci\u00f3 de persones amb Discapacitat (LGD\/LISMI).<\/a><\/li>\n<li><strong>Bolsa de trabajo<\/strong> totalmente gratuita con gran diversidad de perfiles profesionales y con el apoyo de la red de entidades del <strong>Programa Incorpora de Fundaci\u00f3 &#8220;la Caixa&#8221;<\/strong>.<\/li>\n<li><strong>Gesti\u00f3n de ofertas<\/strong> destinadas a personas con especiales dificultades o riesgo de exclusi\u00f3n social.<\/li>\n<li>Metodolog\u00eda de <strong>Trabajo Con Soporte<\/strong> (TAS) y acompa\u00f1amiento a la inserci\u00f3n, que se traduce en disponer de un profesional que acompa\u00f1ar\u00e1 a la persona y apoyar\u00e1 a la empresa desde el primer d\u00eda en el proceso de adaptaci\u00f3n del trabajador al puesto de trabajo y a su equipo laboral.<\/li>\n<li>Posibilidad de crear convenios de colaboraci\u00f3n de alumnos en <strong>pr\u00e1cticas con apoyo<\/strong> por parte de nuestros preparadores laborales y con la colaboraci\u00f3n en Proyectos de Responsabilidad Social.<\/li>\n<\/ul>\n<p>Como empresa podr\u00e1s disfrutar de una serie de<u>ventajas<\/u> importantes que har\u00e1n mejorar la competitividad de tu empresa y su posicionamiento:<\/p>\n<ul>\n<li>Podr\u00e1s impulsar tu pol\u00edtica de <strong>Responsabilidad Social Corporativa<\/strong> y contribuir as\u00ed al desarrollo socioecon\u00f3mico de tu \u00e1rea de influencia.<\/li>\n<li>Ayudar\u00e1s a <strong>desarrollar y potenciar las competencias<\/strong> de las personas trabajadoras de tu empresa mediante una gesti\u00f3n estrat\u00e9gica basada en los <strong>valores<\/strong> aumentando as\u00ed el <strong>sentimiento de pertenencia<\/strong> de estos a la empresa, mejorando al mismo tiempo el clima laboral, el compromiso y la implicaci\u00f3n de los trabajadores que se traducir\u00e1 en <strong>mayores resultados productivos y econ\u00f3micos<\/strong>.<\/li>\n<li>Disfrutar\u00e1s de una serie de <strong>bonificaciones<\/strong> en las cuotas de la seguridad social o acceder a otras <strong>ayudas y \/ o subvenciones<\/strong> para la contrataci\u00f3n de personas con discapacidad.<\/li>\n<\/ul>\n<p><a href=\"https:\/\/www.vivelloc.cat\/wp-content\/uploads\/2024\/04\/LGD_TESTIMONI-1.jpg\"><img loading=\"lazy\" decoding=\"async\" class=\"aligncenter wp-image-9371\" src=\"https:\/\/www.vivelloc.cat\/wp-content\/uploads\/2024\/04\/LGD_TESTIMONI-1.jpg\" alt=\"Serveis Intermediaci\u00f3 VIver de Bell-lloc\" width=\"454\" height=\"321\" srcset=\"https:\/\/vivelloc.cat\/wp-content\/uploads\/2024\/04\/LGD_TESTIMONI-1.jpg 1800w, https:\/\/vivelloc.cat\/wp-content\/uploads\/2024\/04\/LGD_TESTIMONI-1-900x637.jpg 900w, https:\/\/vivelloc.cat\/wp-content\/uploads\/2024\/04\/LGD_TESTIMONI-1-768x543.jpg 768w, https:\/\/vivelloc.cat\/wp-content\/uploads\/2024\/04\/LGD_TESTIMONI-1-1536x1086.jpg 1536w, https:\/\/vivelloc.cat\/wp-content\/uploads\/2024\/04\/LGD_TESTIMONI-1-18x12.jpg 18w\" sizes=\"auto, (max-width: 454px) 100vw, 454px\" \/><\/a><\/p>\n<h2>Cas d&#8217;\u00e8xit: <a href=\"https:\/\/vivelloc.cat\/es\/noticies\/cas-dexit-dinsercio-laboral-a-lempresa-industries-galfer\/\">Ind\u00fastries Galfer<\/a>, exemple d&#8217;empresa compromesa<\/h2>\n<p>El testimoni directe de les empreses que s&#8217;endinsen en un proc\u00e9s de selecci\u00f3 resulta molt inspirador i acosta de manera planera com es desenvolupa, quins dubtes afloren, com s&#8217;articula l&#8217;acompanyament i quin n&#8217;\u00e9s el balan\u00e7 global.<\/p>\n<p>Industrias Glafer, empresa l\u00edder en subministrament de pastilles i discos de fre, <a href=\"https:\/\/vivelloc.cat\/es\/noticies\/cas-dexit-dinsercio-laboral-a-lempresa-industries-galfer\/\">comparteix la seva experi\u00e8ncia.<\/a><\/p>\n<p>\u00c9s un v\u00eddeo molt recomanable especialment\u00a0 per aquelles organitzacions que es plantegen la possibilitat d&#8217;inserir dins els seus equips a persones amb certificat de disCapacitat.<\/p>\n<p><iframe loading=\"lazy\" title=\"YouTube video player\" src=\"https:\/\/www.youtube.com\/embed\/TFmkN9MbRcU?si=ds9Yy_XowWHRpdVY\" width=\"560\" height=\"315\" frameborder=\"0\" allowfullscreen=\"allowfullscreen\"><\/iframe><\/p>\n<p>La diversidad te ayudar\u00e1 a sumar y nosotros te ayudaremos a hacerlo! Cont\u00e1ctanos a servei.intermediacio @ vivelloc, cat<\/p>\n<p><img loading=\"lazy\" decoding=\"async\" class=\"alignnone wp-image-11501\" src=\"https:\/\/vivelloc.cat\/wp-content\/uploads\/2025\/09\/screenshot.82.jpg\" alt=\"Programa Incorpora de la Fundaci\u00f3 &quot;la Caixa&quot;\" width=\"482\" height=\"54\" srcset=\"https:\/\/vivelloc.cat\/wp-content\/uploads\/2025\/09\/screenshot.82.jpg 768w, https:\/\/vivelloc.cat\/wp-content\/uploads\/2025\/09\/screenshot.82-18x2.jpg 18w\" sizes=\"auto, (max-width: 482px) 100vw, 482px\" \/><\/p>","protected":false},"excerpt":{"rendered":"<p>Tant si ets una empresa ordin\u00e0ria com un Centre Especial de Treball, des de la Fundaci\u00f3 Viver de Bell-Lloc et podem acompanyar en els teus processos de selecci\u00f3. El Servei [&hellip;]<\/p>","protected":false},"author":1,"featured_media":9368,"parent":225,"menu_order":113,"comment_status":"closed","ping_status":"closed","template":"","meta":{"_acf_changed":false,"footnotes":""},"tags":[248,277,120],"class_list":["post-239","page","type-page","status-publish","has-post-thumbnail","hentry","tag-empresa-inclusiva","tag-feina","tag-insercio-laboral"],"acf":[],"yoast_head":"<!-- This site is optimized with the Yoast SEO plugin v23.0 - https:\/\/yoast.com\/wordpress\/plugins\/seo\/ -->\n<title>Servei d&#039;Intermediaci\u00f3 Laboral - Processos de Selecci\u00f3 - Viver de Bell Lloc<\/title>\n<meta name=\"description\" content=\"Tant si ets una empresa ordin\u00e0ria com un Centre Especial de Treball et podem acompanyar en els teus processos de selecci\u00f3 amb el nostre Servei d&#039;Inserci\u00f3 Laboral\" \/>\n<meta name=\"robots\" content=\"index, follow, max-snippet:-1, max-image-preview:large, max-video-preview:-1\" \/>\n<link rel=\"canonical\" href=\"https:\/\/vivelloc.cat\/es\/que-fem\/serveis-a-empreses-i-a-administracions\/insercio-laboral-empreses\/\" \/>\n<meta property=\"og:locale\" content=\"es_ES\" \/>\n<meta property=\"og:type\" content=\"article\" \/>\n<meta property=\"og:title\" content=\"Servei d&#039;Intermediaci\u00f3 Laboral - Processos de Selecci\u00f3 - Viver de Bell Lloc\" \/>\n<meta property=\"og:description\" content=\"Tant si ets una empresa ordin\u00e0ria com un Centre Especial de Treball et podem acompanyar en els teus processos de selecci\u00f3 amb el nostre Servei d&#039;Inserci\u00f3 Laboral\" \/>\n<meta property=\"og:url\" content=\"https:\/\/vivelloc.cat\/es\/que-fem\/serveis-a-empreses-i-a-administracions\/insercio-laboral-empreses\/\" \/>\n<meta property=\"og:site_name\" content=\"Viver de Bell Lloc\" \/>\n<meta property=\"article:modified_time\" content=\"2026-03-05T11:33:38+00:00\" \/>\n<meta property=\"og:image\" content=\"https:\/\/vivelloc.cat\/wp-content\/uploads\/2024\/04\/Equip-SIOL-reunio-1.jpg\" \/>\n\t<meta property=\"og:image:width\" content=\"1800\" \/>\n\t<meta property=\"og:image:height\" content=\"1201\" \/>\n\t<meta property=\"og:image:type\" content=\"image\/jpeg\" \/>\n<meta name=\"twitter:card\" content=\"summary_large_image\" \/>\n<meta name=\"twitter:label1\" content=\"Tiempo de lectura\" \/>\n\t<meta name=\"twitter:data1\" content=\"3 minutos\" \/>\n<script type=\"application\/ld+json\" class=\"yoast-schema-graph\">{\"@context\":\"https:\/\/schema.org\",\"@graph\":[{\"@type\":\"WebPage\",\"@id\":\"https:\/\/vivelloc.cat\/que-fem\/serveis-a-empreses-i-a-administracions\/insercio-laboral-empreses\/\",\"url\":\"https:\/\/vivelloc.cat\/que-fem\/serveis-a-empreses-i-a-administracions\/insercio-laboral-empreses\/\",\"name\":\"Servei d'Intermediaci\u00f3 Laboral - Processos de Selecci\u00f3 - Viver de Bell Lloc\",\"isPartOf\":{\"@id\":\"https:\/\/vivelloc.cat\/es\/#website\"},\"primaryImageOfPage\":{\"@id\":\"https:\/\/vivelloc.cat\/que-fem\/serveis-a-empreses-i-a-administracions\/insercio-laboral-empreses\/#primaryimage\"},\"image\":{\"@id\":\"https:\/\/vivelloc.cat\/que-fem\/serveis-a-empreses-i-a-administracions\/insercio-laboral-empreses\/#primaryimage\"},\"thumbnailUrl\":\"https:\/\/vivelloc.cat\/wp-content\/uploads\/2024\/04\/Equip-SIOL-reunio-1.jpg\",\"datePublished\":\"2019-03-28T10:29:42+00:00\",\"dateModified\":\"2026-03-05T11:33:38+00:00\",\"description\":\"Tant si ets una empresa ordin\u00e0ria com un Centre Especial de Treball et podem acompanyar en els teus processos de selecci\u00f3 amb el nostre Servei d'Inserci\u00f3 Laboral\",\"breadcrumb\":{\"@id\":\"https:\/\/vivelloc.cat\/que-fem\/serveis-a-empreses-i-a-administracions\/insercio-laboral-empreses\/#breadcrumb\"},\"inLanguage\":\"es\",\"potentialAction\":[{\"@type\":\"ReadAction\",\"target\":[\"https:\/\/vivelloc.cat\/que-fem\/serveis-a-empreses-i-a-administracions\/insercio-laboral-empreses\/\"]}]},{\"@type\":\"ImageObject\",\"inLanguage\":\"es\",\"@id\":\"https:\/\/vivelloc.cat\/que-fem\/serveis-a-empreses-i-a-administracions\/insercio-laboral-empreses\/#primaryimage\",\"url\":\"https:\/\/vivelloc.cat\/wp-content\/uploads\/2024\/04\/Equip-SIOL-reunio-1.jpg\",\"contentUrl\":\"https:\/\/vivelloc.cat\/wp-content\/uploads\/2024\/04\/Equip-SIOL-reunio-1.jpg\",\"width\":1800,\"height\":1201,\"caption\":\"Professionals preparades per a atendre a persones i a empreses\"},{\"@type\":\"BreadcrumbList\",\"@id\":\"https:\/\/vivelloc.cat\/que-fem\/serveis-a-empreses-i-a-administracions\/insercio-laboral-empreses\/#breadcrumb\",\"itemListElement\":[{\"@type\":\"ListItem\",\"position\":1,\"name\":\"Inici\",\"item\":\"https:\/\/vivelloc.cat\/\"},{\"@type\":\"ListItem\",\"position\":2,\"name\":\"Qu\u00e8 fem\",\"item\":\"https:\/\/vivelloc.cat\/ca\/que-fem\/\"},{\"@type\":\"ListItem\",\"position\":3,\"name\":\"Serveis i Productes amb valor social per a empreses\",\"item\":\"https:\/\/vivelloc.cat\/que-fem\/serveis-a-empreses-i-a-administracions\/\"},{\"@type\":\"ListItem\",\"position\":4,\"name\":\"Servei d&#8217;Intermediaci\u00f3 Laboral\"}]},{\"@type\":\"WebSite\",\"@id\":\"https:\/\/vivelloc.cat\/es\/#website\",\"url\":\"https:\/\/vivelloc.cat\/es\/\",\"name\":\"Viver de Bell Lloc\",\"description\":\"Promovem el creixement personal de persones amb disCapacitat i TSM sever\",\"potentialAction\":[{\"@type\":\"SearchAction\",\"target\":{\"@type\":\"EntryPoint\",\"urlTemplate\":\"https:\/\/vivelloc.cat\/es\/?s={search_term_string}\"},\"query-input\":\"required name=search_term_string\"}],\"inLanguage\":\"es\"}]}<\/script>\n<!-- \/ Yoast SEO plugin. -->","yoast_head_json":{"title":"Servei d'Intermediaci\u00f3 Laboral - Processos de Selecci\u00f3 - Viver de Bell Lloc","description":"Tant si ets una empresa ordin\u00e0ria com un Centre Especial de Treball et podem acompanyar en els teus processos de selecci\u00f3 amb el nostre Servei d'Inserci\u00f3 Laboral","robots":{"index":"index","follow":"follow","max-snippet":"max-snippet:-1","max-image-preview":"max-image-preview:large","max-video-preview":"max-video-preview:-1"},"canonical":"https:\/\/vivelloc.cat\/es\/que-fem\/serveis-a-empreses-i-a-administracions\/insercio-laboral-empreses\/","og_locale":"es_ES","og_type":"article","og_title":"Servei d'Intermediaci\u00f3 Laboral - Processos de Selecci\u00f3 - Viver de Bell Lloc","og_description":"Tant si ets una empresa ordin\u00e0ria com un Centre Especial de Treball et podem acompanyar en els teus processos de selecci\u00f3 amb el nostre Servei d'Inserci\u00f3 Laboral","og_url":"https:\/\/vivelloc.cat\/es\/que-fem\/serveis-a-empreses-i-a-administracions\/insercio-laboral-empreses\/","og_site_name":"Viver de Bell Lloc","article_modified_time":"2026-03-05T11:33:38+00:00","og_image":[{"width":1800,"height":1201,"url":"https:\/\/vivelloc.cat\/wp-content\/uploads\/2024\/04\/Equip-SIOL-reunio-1.jpg","type":"image\/jpeg"}],"twitter_card":"summary_large_image","twitter_misc":{"Tiempo de lectura":"3 minutos"},"schema":{"@context":"https:\/\/schema.org","@graph":[{"@type":"WebPage","@id":"https:\/\/vivelloc.cat\/que-fem\/serveis-a-empreses-i-a-administracions\/insercio-laboral-empreses\/","url":"https:\/\/vivelloc.cat\/que-fem\/serveis-a-empreses-i-a-administracions\/insercio-laboral-empreses\/","name":"Servei d'Intermediaci\u00f3 Laboral - Processos de Selecci\u00f3 - Viver de Bell Lloc","isPartOf":{"@id":"https:\/\/vivelloc.cat\/es\/#website"},"primaryImageOfPage":{"@id":"https:\/\/vivelloc.cat\/que-fem\/serveis-a-empreses-i-a-administracions\/insercio-laboral-empreses\/#primaryimage"},"image":{"@id":"https:\/\/vivelloc.cat\/que-fem\/serveis-a-empreses-i-a-administracions\/insercio-laboral-empreses\/#primaryimage"},"thumbnailUrl":"https:\/\/vivelloc.cat\/wp-content\/uploads\/2024\/04\/Equip-SIOL-reunio-1.jpg","datePublished":"2019-03-28T10:29:42+00:00","dateModified":"2026-03-05T11:33:38+00:00","description":"Tant si ets una empresa ordin\u00e0ria com un Centre Especial de Treball et podem acompanyar en els teus processos de selecci\u00f3 amb el nostre Servei d'Inserci\u00f3 Laboral","breadcrumb":{"@id":"https:\/\/vivelloc.cat\/que-fem\/serveis-a-empreses-i-a-administracions\/insercio-laboral-empreses\/#breadcrumb"},"inLanguage":"es","potentialAction":[{"@type":"ReadAction","target":["https:\/\/vivelloc.cat\/que-fem\/serveis-a-empreses-i-a-administracions\/insercio-laboral-empreses\/"]}]},{"@type":"ImageObject","inLanguage":"es","@id":"https:\/\/vivelloc.cat\/que-fem\/serveis-a-empreses-i-a-administracions\/insercio-laboral-empreses\/#primaryimage","url":"https:\/\/vivelloc.cat\/wp-content\/uploads\/2024\/04\/Equip-SIOL-reunio-1.jpg","contentUrl":"https:\/\/vivelloc.cat\/wp-content\/uploads\/2024\/04\/Equip-SIOL-reunio-1.jpg","width":1800,"height":1201,"caption":"Professionals preparades per a atendre a persones i a empreses"},{"@type":"BreadcrumbList","@id":"https:\/\/vivelloc.cat\/que-fem\/serveis-a-empreses-i-a-administracions\/insercio-laboral-empreses\/#breadcrumb","itemListElement":[{"@type":"ListItem","position":1,"name":"Inici","item":"https:\/\/vivelloc.cat\/"},{"@type":"ListItem","position":2,"name":"Qu\u00e8 fem","item":"https:\/\/vivelloc.cat\/ca\/que-fem\/"},{"@type":"ListItem","position":3,"name":"Serveis i Productes amb valor social per a empreses","item":"https:\/\/vivelloc.cat\/que-fem\/serveis-a-empreses-i-a-administracions\/"},{"@type":"ListItem","position":4,"name":"Servei d&#8217;Intermediaci\u00f3 Laboral"}]},{"@type":"WebSite","@id":"https:\/\/vivelloc.cat\/es\/#website","url":"https:\/\/vivelloc.cat\/es\/","name":"Viver de Bell Lloc","description":"Promovem el creixement personal de persones amb disCapacitat i TSM sever","potentialAction":[{"@type":"SearchAction","target":{"@type":"EntryPoint","urlTemplate":"https:\/\/vivelloc.cat\/es\/?s={search_term_string}"},"query-input":"required name=search_term_string"}],"inLanguage":"es"}]}},"_links":{"self":[{"href":"https:\/\/vivelloc.cat\/es\/wp-json\/wp\/v2\/pages\/239","targetHints":{"allow":["GET"]}}],"collection":[{"href":"https:\/\/vivelloc.cat\/es\/wp-json\/wp\/v2\/pages"}],"about":[{"href":"https:\/\/vivelloc.cat\/es\/wp-json\/wp\/v2\/types\/page"}],"author":[{"embeddable":true,"href":"https:\/\/vivelloc.cat\/es\/wp-json\/wp\/v2\/users\/1"}],"replies":[{"embeddable":true,"href":"https:\/\/vivelloc.cat\/es\/wp-json\/wp\/v2\/comments?post=239"}],"version-history":[{"count":22,"href":"https:\/\/vivelloc.cat\/es\/wp-json\/wp\/v2\/pages\/239\/revisions"}],"predecessor-version":[{"id":11649,"href":"https:\/\/vivelloc.cat\/es\/wp-json\/wp\/v2\/pages\/239\/revisions\/11649"}],"up":[{"embeddable":true,"href":"https:\/\/vivelloc.cat\/es\/wp-json\/wp\/v2\/pages\/225"}],"wp:featuredmedia":[{"embeddable":true,"href":"https:\/\/vivelloc.cat\/es\/wp-json\/wp\/v2\/media\/9368"}],"wp:attachment":[{"href":"https:\/\/vivelloc.cat\/es\/wp-json\/wp\/v2\/media?parent=239"}],"wp:term":[{"taxonomy":"post_tag","embeddable":true,"href":"https:\/\/vivelloc.cat\/es\/wp-json\/wp\/v2\/tags?post=239"}],"curies":[{"name":"wp","href":"https:\/\/api.w.org\/{rel}","templated":true}]}}