{"id":697,"date":"2019-05-16T08:14:11","date_gmt":"2019-05-16T08:14:11","guid":{"rendered":"http:\/\/vivelloc.cat\/?page_id=697"},"modified":"2025-02-18T13:53:53","modified_gmt":"2025-02-18T13:53:53","slug":"activitats-de-la-fundacio","status":"publish","type":"page","link":"https:\/\/vivelloc.cat\/ca\/colabora\/voluntariat\/activitats-de-la-fundacio\/","title":{"rendered":"Activitats de la fundaci\u00f3"},"content":{"rendered":"<p>Ajuda a donar a con\u00e8ixer la missi\u00f3 de l\u2019entitat creant i participant en fires i activitats de difusi\u00f3.<\/p>\n<p>Si desitges m\u00e9s informaci\u00f3, vols resoldre algun dubte o ens vols con\u00e8ixer no dubtis en contactar amb nosaltres a trav\u00e9s del formulari.<\/p>\n\n<div class=\"wpcf7 no-js\" id=\"wpcf7-f10772-o1\" lang=\"ca\" dir=\"ltr\" data-wpcf7-id=\"10772\">\n<div class=\"screen-reader-response\"><p role=\"status\" aria-live=\"polite\" aria-atomic=\"true\"><\/p> <ul><\/ul><\/div>\n<form action=\"\/ca\/wp-json\/wp\/v2\/pages\/697#wpcf7-f10772-o1\" method=\"post\" class=\"wpcf7-form init\" aria-label=\"Formulari de contacte\" novalidate=\"novalidate\" data-status=\"init\">\n<fieldset class=\"hidden-fields-container\"><input type=\"hidden\" name=\"_wpcf7\" value=\"10772\" \/><input type=\"hidden\" name=\"_wpcf7_version\" value=\"6.1.2\" \/><input type=\"hidden\" name=\"_wpcf7_locale\" value=\"ca\" \/><input type=\"hidden\" name=\"_wpcf7_unit_tag\" value=\"wpcf7-f10772-o1\" \/><input type=\"hidden\" name=\"_wpcf7_container_post\" value=\"0\" \/><input type=\"hidden\" name=\"_wpcf7_posted_data_hash\" value=\"\" \/><input type=\"hidden\" name=\"_wpcf7_recaptcha_response\" value=\"\" \/>\n<\/fieldset>\n<p><label> Nom*<br \/>\n<span class=\"wpcf7-form-control-wrap\" data-name=\"your-name\"><input size=\"40\" maxlength=\"400\" class=\"wpcf7-form-control wpcf7-text wpcf7-validates-as-required\" autocomplete=\"name\" aria-required=\"true\" aria-invalid=\"false\" placeholder=\"Escriu el teu nom\" value=\"\" type=\"text\" name=\"your-name\" \/><\/span> <\/label>\n<\/p>\n<p><label> Email *<br \/>\n<span class=\"wpcf7-form-control-wrap\" data-name=\"your-email\"><input size=\"40\" maxlength=\"400\" class=\"wpcf7-form-control wpcf7-email wpcf7-validates-as-required wpcf7-text wpcf7-validates-as-email\" autocomplete=\"email\" aria-required=\"true\" aria-invalid=\"false\" placeholder=\"Escriu el teu email\" value=\"\" type=\"email\" name=\"your-email\" \/><\/span> <\/label>\n<\/p>\n<p><label class=\"telefon\"> Tel\u00e8fon *<br \/>\n<span class=\"wpcf7-form-control-wrap\" data-name=\"tel-82\"><input size=\"40\" maxlength=\"400\" class=\"wpcf7-form-control wpcf7-tel wpcf7-validates-as-required wpcf7-text wpcf7-validates-as-tel\" aria-required=\"true\" aria-invalid=\"false\" placeholder=\"Escriu el teu tel\u00e8fon\" value=\"\" type=\"tel\" name=\"tel-82\" \/><\/span><\/label>\n<\/p>\n<p><label> Consulta<br \/>\n<span class=\"wpcf7-form-control-wrap\" data-name=\"textarea-483\"><textarea cols=\"40\" rows=\"10\" maxlength=\"2000\" class=\"wpcf7-form-control wpcf7-textarea\" aria-invalid=\"false\" placeholder=\"Descriu la teva consulta\" name=\"textarea-483\"><\/textarea><\/span><\/label><br \/>\n<span class=\"wpcf7-form-control-wrap\" data-name=\"acceptance-734\"><span class=\"wpcf7-form-control wpcf7-acceptance\"><span class=\"wpcf7-list-item\"><label><input type=\"checkbox\" name=\"acceptance-734\" value=\"1\" aria-invalid=\"false\" \/><span class=\"wpcf7-list-item-label\">He llegit i accepto la  <a href=\"\/ca\/politica-de-privacitat-2\/\">pol\u00edtica de privacitat<\/a><\/span><\/label><\/span><\/span><\/span><br \/>\n<span class=\"wpcf7-form-control-wrap recaptcha\" data-name=\"recaptcha\"><span data-sitekey=\"6LdRfOMqAAAAAEMLqFil7SgPMQGYYLF_J4LnAzJW\" class=\"wpcf7-form-control wpcf7-recaptcha g-recaptcha\"><\/span>\r\n<noscript>\r\n\t<div class=\"grecaptcha-noscript\">\r\n\t\t<iframe loading=\"lazy\" src=\"https:\/\/www.google.com\/recaptcha\/api\/fallback?k=6LdRfOMqAAAAAEMLqFil7SgPMQGYYLF_J4LnAzJW\" frameborder=\"0\" scrolling=\"no\" width=\"310\" height=\"430\">\r\n\t\t<\/iframe>\r\n\t\t<textarea name=\"g-recaptcha-response\" rows=\"3\" cols=\"40\" placeholder=\"reCaptcha Response Here\">\r\n\t\t<\/textarea>\r\n\t<\/div>\r\n<\/noscript>\r\n<\/span>\n<\/p>\n<div class=\"button-red\">\n\t<p><input class=\"wpcf7-form-control wpcf7-submit has-spinner\" type=\"submit\" value=\"Envia\" \/>\n\t<\/p>\n<\/div><p style=\"display: none !important;\" class=\"akismet-fields-container\" data-prefix=\"_wpcf7_ak_\"><label>&#916;<textarea name=\"_wpcf7_ak_hp_textarea\" cols=\"45\" rows=\"8\" maxlength=\"100\"><\/textarea><\/label><input type=\"hidden\" id=\"ak_js_1\" name=\"_wpcf7_ak_js\" value=\"223\"\/><script>document.getElementById( \"ak_js_1\" ).setAttribute( \"value\", ( new Date() ).getTime() );<\/script><\/p><div class=\"wpcf7-response-output\" aria-hidden=\"true\"><\/div>\n<\/form>\n<\/div>\n\n","protected":false},"excerpt":{"rendered":"<p>Ajuda a donar a con\u00e8ixer la missi\u00f3 de l\u2019entitat creant i participant en fires i activitats de difusi\u00f3. Si desitges m\u00e9s informaci\u00f3, vols resoldre algun dubte o ens vols con\u00e8ixer [&hellip;]<\/p>\n","protected":false},"author":1,"featured_media":0,"parent":403,"menu_order":63,"comment_status":"closed","ping_status":"closed","template":"","meta":{"_acf_changed":false,"footnotes":""},"tags":[209,113],"class_list":["post-697","page","type-page","status-publish","hentry","tag-activitats","tag-fundacio"],"acf":[],"yoast_head":"<!-- This site is optimized with the Yoast SEO plugin v23.0 - https:\/\/yoast.com\/wordpress\/plugins\/seo\/ -->\n<title>Activitats de la fundaci\u00f3 Participa i Col\u00b7labora - Viver de Bell Lloc<\/title>\n<meta name=\"description\" content=\"D\u00f3na a con\u00e8ixer les activitats de la Fundaci\u00f3. Ajuda&#039;ns a promoure la nostra tasca.\" \/>\n<meta name=\"robots\" content=\"index, follow, max-snippet:-1, max-image-preview:large, max-video-preview:-1\" \/>\n<link rel=\"canonical\" href=\"https:\/\/vivelloc.cat\/ca\/colabora\/voluntariat\/activitats-de-la-fundacio\/\" \/>\n<meta property=\"og:locale\" content=\"ca_ES\" \/>\n<meta property=\"og:type\" content=\"article\" \/>\n<meta property=\"og:title\" content=\"Activitats de la fundaci\u00f3 Participa i Col\u00b7labora - Viver de Bell Lloc\" \/>\n<meta property=\"og:description\" content=\"D\u00f3na a con\u00e8ixer les activitats de la Fundaci\u00f3. Ajuda&#039;ns a promoure la nostra tasca.\" \/>\n<meta property=\"og:url\" content=\"https:\/\/vivelloc.cat\/ca\/colabora\/voluntariat\/activitats-de-la-fundacio\/\" \/>\n<meta property=\"og:site_name\" content=\"Viver de Bell Lloc\" \/>\n<meta property=\"article:modified_time\" content=\"2025-02-18T13:53:53+00:00\" \/>\n<meta name=\"twitter:card\" content=\"summary_large_image\" \/>\n<meta name=\"twitter:label1\" content=\"Temps estimat de lectura\" \/>\n\t<meta name=\"twitter:data1\" content=\"1 minut\" \/>\n<script type=\"application\/ld+json\" class=\"yoast-schema-graph\">{\"@context\":\"https:\/\/schema.org\",\"@graph\":[{\"@type\":\"WebPage\",\"@id\":\"https:\/\/vivelloc.cat\/colabora\/voluntariat\/activitats-de-la-fundacio\/\",\"url\":\"https:\/\/vivelloc.cat\/colabora\/voluntariat\/activitats-de-la-fundacio\/\",\"name\":\"Activitats de la fundaci\u00f3 Participa i Col\u00b7labora - Viver de Bell Lloc\",\"isPartOf\":{\"@id\":\"https:\/\/vivelloc.cat\/es\/#website\"},\"datePublished\":\"2019-05-16T08:14:11+00:00\",\"dateModified\":\"2025-02-18T13:53:53+00:00\",\"description\":\"D\u00f3na a con\u00e8ixer les activitats de la Fundaci\u00f3. Ajuda'ns a promoure la nostra tasca.\",\"breadcrumb\":{\"@id\":\"https:\/\/vivelloc.cat\/colabora\/voluntariat\/activitats-de-la-fundacio\/#breadcrumb\"},\"inLanguage\":\"ca\",\"potentialAction\":[{\"@type\":\"ReadAction\",\"target\":[\"https:\/\/vivelloc.cat\/colabora\/voluntariat\/activitats-de-la-fundacio\/\"]}]},{\"@type\":\"BreadcrumbList\",\"@id\":\"https:\/\/vivelloc.cat\/colabora\/voluntariat\/activitats-de-la-fundacio\/#breadcrumb\",\"itemListElement\":[{\"@type\":\"ListItem\",\"position\":1,\"name\":\"Inici\",\"item\":\"https:\/\/vivelloc.cat\/\"},{\"@type\":\"ListItem\",\"position\":2,\"name\":\"Col\u00b7labora\",\"item\":\"https:\/\/vivelloc.cat\/colabora\/\"},{\"@type\":\"ListItem\",\"position\":3,\"name\":\"Suma&#8217;t al voluntariat!\",\"item\":\"https:\/\/vivelloc.cat\/colabora\/voluntariat\/\"},{\"@type\":\"ListItem\",\"position\":4,\"name\":\"Activitats de la fundaci\u00f3\"}]},{\"@type\":\"WebSite\",\"@id\":\"https:\/\/vivelloc.cat\/es\/#website\",\"url\":\"https:\/\/vivelloc.cat\/es\/\",\"name\":\"Viver de Bell Lloc\",\"description\":\"Promovem el creixement personal de persones amb disCapacitat i TSM sever\",\"potentialAction\":[{\"@type\":\"SearchAction\",\"target\":{\"@type\":\"EntryPoint\",\"urlTemplate\":\"https:\/\/vivelloc.cat\/es\/?s={search_term_string}\"},\"query-input\":\"required name=search_term_string\"}],\"inLanguage\":\"ca\"}]}<\/script>\n<!-- \/ Yoast SEO plugin. -->","yoast_head_json":{"title":"Activitats de la fundaci\u00f3 Participa i Col\u00b7labora - Viver de Bell Lloc","description":"D\u00f3na a con\u00e8ixer les activitats de la Fundaci\u00f3. Ajuda'ns a promoure la nostra tasca.","robots":{"index":"index","follow":"follow","max-snippet":"max-snippet:-1","max-image-preview":"max-image-preview:large","max-video-preview":"max-video-preview:-1"},"canonical":"https:\/\/vivelloc.cat\/ca\/colabora\/voluntariat\/activitats-de-la-fundacio\/","og_locale":"ca_ES","og_type":"article","og_title":"Activitats de la fundaci\u00f3 Participa i Col\u00b7labora - Viver de Bell Lloc","og_description":"D\u00f3na a con\u00e8ixer les activitats de la Fundaci\u00f3. Ajuda'ns a promoure la nostra tasca.","og_url":"https:\/\/vivelloc.cat\/ca\/colabora\/voluntariat\/activitats-de-la-fundacio\/","og_site_name":"Viver de Bell Lloc","article_modified_time":"2025-02-18T13:53:53+00:00","twitter_card":"summary_large_image","twitter_misc":{"Temps estimat de lectura":"1 minut"},"schema":{"@context":"https:\/\/schema.org","@graph":[{"@type":"WebPage","@id":"https:\/\/vivelloc.cat\/colabora\/voluntariat\/activitats-de-la-fundacio\/","url":"https:\/\/vivelloc.cat\/colabora\/voluntariat\/activitats-de-la-fundacio\/","name":"Activitats de la fundaci\u00f3 Participa i Col\u00b7labora - Viver de Bell Lloc","isPartOf":{"@id":"https:\/\/vivelloc.cat\/es\/#website"},"datePublished":"2019-05-16T08:14:11+00:00","dateModified":"2025-02-18T13:53:53+00:00","description":"D\u00f3na a con\u00e8ixer les activitats de la Fundaci\u00f3. Ajuda'ns a promoure la nostra tasca.","breadcrumb":{"@id":"https:\/\/vivelloc.cat\/colabora\/voluntariat\/activitats-de-la-fundacio\/#breadcrumb"},"inLanguage":"ca","potentialAction":[{"@type":"ReadAction","target":["https:\/\/vivelloc.cat\/colabora\/voluntariat\/activitats-de-la-fundacio\/"]}]},{"@type":"BreadcrumbList","@id":"https:\/\/vivelloc.cat\/colabora\/voluntariat\/activitats-de-la-fundacio\/#breadcrumb","itemListElement":[{"@type":"ListItem","position":1,"name":"Inici","item":"https:\/\/vivelloc.cat\/"},{"@type":"ListItem","position":2,"name":"Col\u00b7labora","item":"https:\/\/vivelloc.cat\/colabora\/"},{"@type":"ListItem","position":3,"name":"Suma&#8217;t al voluntariat!","item":"https:\/\/vivelloc.cat\/colabora\/voluntariat\/"},{"@type":"ListItem","position":4,"name":"Activitats de la fundaci\u00f3"}]},{"@type":"WebSite","@id":"https:\/\/vivelloc.cat\/es\/#website","url":"https:\/\/vivelloc.cat\/es\/","name":"Viver de Bell Lloc","description":"Promovem el creixement personal de persones amb disCapacitat i TSM sever","potentialAction":[{"@type":"SearchAction","target":{"@type":"EntryPoint","urlTemplate":"https:\/\/vivelloc.cat\/es\/?s={search_term_string}"},"query-input":"required name=search_term_string"}],"inLanguage":"ca"}]}},"_links":{"self":[{"href":"https:\/\/vivelloc.cat\/ca\/wp-json\/wp\/v2\/pages\/697","targetHints":{"allow":["GET"]}}],"collection":[{"href":"https:\/\/vivelloc.cat\/ca\/wp-json\/wp\/v2\/pages"}],"about":[{"href":"https:\/\/vivelloc.cat\/ca\/wp-json\/wp\/v2\/types\/page"}],"author":[{"embeddable":true,"href":"https:\/\/vivelloc.cat\/ca\/wp-json\/wp\/v2\/users\/1"}],"replies":[{"embeddable":true,"href":"https:\/\/vivelloc.cat\/ca\/wp-json\/wp\/v2\/comments?post=697"}],"version-history":[{"count":3,"href":"https:\/\/vivelloc.cat\/ca\/wp-json\/wp\/v2\/pages\/697\/revisions"}],"predecessor-version":[{"id":10783,"href":"https:\/\/vivelloc.cat\/ca\/wp-json\/wp\/v2\/pages\/697\/revisions\/10783"}],"up":[{"embeddable":true,"href":"https:\/\/vivelloc.cat\/ca\/wp-json\/wp\/v2\/pages\/403"}],"wp:attachment":[{"href":"https:\/\/vivelloc.cat\/ca\/wp-json\/wp\/v2\/media?parent=697"}],"wp:term":[{"taxonomy":"post_tag","embeddable":true,"href":"https:\/\/vivelloc.cat\/ca\/wp-json\/wp\/v2\/tags?post=697"}],"curies":[{"name":"wp","href":"https:\/\/api.w.org\/{rel}","templated":true}]}}