{"id":695,"date":"2019-05-16T08:13:19","date_gmt":"2019-05-16T08:13:19","guid":{"rendered":"http:\/\/vivelloc.cat\/?page_id=695"},"modified":"2025-02-18T13:54:18","modified_gmt":"2025-02-18T13:54:18","slug":"transport","status":"publish","type":"page","link":"https:\/\/vivelloc.cat\/ca\/colabora\/voluntariat\/transport\/","title":{"rendered":"Transport"},"content":{"rendered":"<p>Permet que puguin assistir a les activitats de lleure, conduint la nostra furgoneta.<\/p>\n<p>Si desitges m\u00e9s informaci\u00f3, vols resoldre algun dubte o ens vols con\u00e8ixer no dubtis en contactar amb nosaltres a trav\u00e9s del formulari.<\/p>\n\n<div class=\"wpcf7 no-js\" id=\"wpcf7-f10772-o1\" lang=\"ca\" dir=\"ltr\" data-wpcf7-id=\"10772\">\n<div class=\"screen-reader-response\"><p role=\"status\" aria-live=\"polite\" aria-atomic=\"true\"><\/p> <ul><\/ul><\/div>\n<form action=\"\/ca\/wp-json\/wp\/v2\/pages\/695#wpcf7-f10772-o1\" method=\"post\" class=\"wpcf7-form init\" aria-label=\"Formulari de contacte\" novalidate=\"novalidate\" data-status=\"init\">\n<fieldset class=\"hidden-fields-container\"><input type=\"hidden\" name=\"_wpcf7\" value=\"10772\" \/><input type=\"hidden\" name=\"_wpcf7_version\" value=\"6.1.2\" \/><input type=\"hidden\" name=\"_wpcf7_locale\" value=\"ca\" \/><input type=\"hidden\" name=\"_wpcf7_unit_tag\" value=\"wpcf7-f10772-o1\" \/><input type=\"hidden\" name=\"_wpcf7_container_post\" value=\"0\" \/><input type=\"hidden\" name=\"_wpcf7_posted_data_hash\" value=\"\" \/><input type=\"hidden\" name=\"_wpcf7_recaptcha_response\" value=\"\" \/>\n<\/fieldset>\n<p><label> Nom*<br \/>\n<span class=\"wpcf7-form-control-wrap\" data-name=\"your-name\"><input size=\"40\" maxlength=\"400\" class=\"wpcf7-form-control wpcf7-text wpcf7-validates-as-required\" autocomplete=\"name\" aria-required=\"true\" aria-invalid=\"false\" placeholder=\"Escriu el teu nom\" value=\"\" type=\"text\" name=\"your-name\" \/><\/span> <\/label>\n<\/p>\n<p><label> Email *<br \/>\n<span class=\"wpcf7-form-control-wrap\" data-name=\"your-email\"><input size=\"40\" maxlength=\"400\" class=\"wpcf7-form-control wpcf7-email wpcf7-validates-as-required wpcf7-text wpcf7-validates-as-email\" autocomplete=\"email\" aria-required=\"true\" aria-invalid=\"false\" placeholder=\"Escriu el teu email\" value=\"\" type=\"email\" name=\"your-email\" \/><\/span> <\/label>\n<\/p>\n<p><label class=\"telefon\"> Tel\u00e8fon *<br \/>\n<span class=\"wpcf7-form-control-wrap\" data-name=\"tel-82\"><input size=\"40\" maxlength=\"400\" class=\"wpcf7-form-control wpcf7-tel wpcf7-validates-as-required wpcf7-text wpcf7-validates-as-tel\" aria-required=\"true\" aria-invalid=\"false\" placeholder=\"Escriu el teu tel\u00e8fon\" value=\"\" type=\"tel\" name=\"tel-82\" \/><\/span><\/label>\n<\/p>\n<p><label> Consulta<br \/>\n<span class=\"wpcf7-form-control-wrap\" data-name=\"textarea-483\"><textarea cols=\"40\" rows=\"10\" maxlength=\"2000\" class=\"wpcf7-form-control wpcf7-textarea\" aria-invalid=\"false\" placeholder=\"Descriu la teva consulta\" name=\"textarea-483\"><\/textarea><\/span><\/label><br \/>\n<span class=\"wpcf7-form-control-wrap\" data-name=\"acceptance-734\"><span class=\"wpcf7-form-control wpcf7-acceptance\"><span class=\"wpcf7-list-item\"><label><input type=\"checkbox\" name=\"acceptance-734\" value=\"1\" aria-invalid=\"false\" \/><span class=\"wpcf7-list-item-label\">He llegit i accepto la  <a href=\"\/ca\/politica-de-privacitat-2\/\">pol\u00edtica de privacitat<\/a><\/span><\/label><\/span><\/span><\/span><br \/>\n<span class=\"wpcf7-form-control-wrap recaptcha\" data-name=\"recaptcha\"><span data-sitekey=\"6LdRfOMqAAAAAEMLqFil7SgPMQGYYLF_J4LnAzJW\" class=\"wpcf7-form-control wpcf7-recaptcha g-recaptcha\"><\/span>\r\n<noscript>\r\n\t<div class=\"grecaptcha-noscript\">\r\n\t\t<iframe loading=\"lazy\" src=\"https:\/\/www.google.com\/recaptcha\/api\/fallback?k=6LdRfOMqAAAAAEMLqFil7SgPMQGYYLF_J4LnAzJW\" frameborder=\"0\" scrolling=\"no\" width=\"310\" height=\"430\">\r\n\t\t<\/iframe>\r\n\t\t<textarea name=\"g-recaptcha-response\" rows=\"3\" cols=\"40\" placeholder=\"reCaptcha Response Here\">\r\n\t\t<\/textarea>\r\n\t<\/div>\r\n<\/noscript>\r\n<\/span>\n<\/p>\n<div class=\"button-red\">\n\t<p><input class=\"wpcf7-form-control wpcf7-submit has-spinner\" type=\"submit\" value=\"Envia\" \/>\n\t<\/p>\n<\/div><p style=\"display: none !important;\" class=\"akismet-fields-container\" data-prefix=\"_wpcf7_ak_\"><label>&#916;<textarea name=\"_wpcf7_ak_hp_textarea\" cols=\"45\" rows=\"8\" maxlength=\"100\"><\/textarea><\/label><input type=\"hidden\" id=\"ak_js_1\" name=\"_wpcf7_ak_js\" value=\"151\"\/><script>document.getElementById( \"ak_js_1\" ).setAttribute( \"value\", ( new Date() ).getTime() );<\/script><\/p><div class=\"wpcf7-response-output\" aria-hidden=\"true\"><\/div>\n<\/form>\n<\/div>\n\n","protected":false},"excerpt":{"rendered":"<p>Permet que puguin assistir a les activitats de lleure, conduint la nostra furgoneta. Si desitges m\u00e9s informaci\u00f3, vols resoldre algun dubte o ens vols con\u00e8ixer no dubtis en contactar amb [&hellip;]<\/p>\n","protected":false},"author":1,"featured_media":938,"parent":403,"menu_order":64,"comment_status":"closed","ping_status":"closed","template":"","meta":{"_acf_changed":false,"footnotes":""},"tags":[],"class_list":["post-695","page","type-page","status-publish","has-post-thumbnail","hentry"],"acf":[],"yoast_head":"<!-- This site is optimized with the Yoast SEO plugin v23.0 - https:\/\/yoast.com\/wordpress\/plugins\/seo\/ -->\n<title>Transport - Busquem conductors ocasionals - Viver de Bell Lloc<\/title>\n<meta name=\"description\" content=\"Ens pots ajudar amb el transport? Permet que els nostres usuaris puguin assistir a les activitats de lleure, conduint la nostra furgoneta.\" \/>\n<meta name=\"robots\" content=\"index, follow, max-snippet:-1, max-image-preview:large, max-video-preview:-1\" \/>\n<link rel=\"canonical\" href=\"https:\/\/vivelloc.cat\/ca\/colabora\/voluntariat\/transport\/\" \/>\n<meta property=\"og:locale\" content=\"ca_ES\" \/>\n<meta property=\"og:type\" content=\"article\" \/>\n<meta property=\"og:title\" content=\"Transport - Busquem conductors ocasionals - Viver de Bell Lloc\" \/>\n<meta property=\"og:description\" content=\"Ens pots ajudar amb el transport? Permet que els nostres usuaris puguin assistir a les activitats de lleure, conduint la nostra furgoneta.\" \/>\n<meta property=\"og:url\" content=\"https:\/\/vivelloc.cat\/ca\/colabora\/voluntariat\/transport\/\" \/>\n<meta property=\"og:site_name\" content=\"Viver de Bell Lloc\" \/>\n<meta property=\"article:modified_time\" content=\"2025-02-18T13:54:18+00:00\" \/>\n<meta property=\"og:image\" content=\"https:\/\/vivelloc.cat\/wp-content\/uploads\/2019\/09\/adult-1869397_1920.jpg\" \/>\n\t<meta property=\"og:image:width\" content=\"1800\" \/>\n\t<meta property=\"og:image:height\" content=\"1199\" \/>\n\t<meta property=\"og:image:type\" content=\"image\/jpeg\" \/>\n<meta name=\"twitter:card\" content=\"summary_large_image\" \/>\n<meta name=\"twitter:label1\" content=\"Temps estimat de lectura\" \/>\n\t<meta name=\"twitter:data1\" content=\"1 minut\" \/>\n<script type=\"application\/ld+json\" class=\"yoast-schema-graph\">{\"@context\":\"https:\/\/schema.org\",\"@graph\":[{\"@type\":\"WebPage\",\"@id\":\"https:\/\/vivelloc.cat\/colabora\/voluntariat\/transport\/\",\"url\":\"https:\/\/vivelloc.cat\/colabora\/voluntariat\/transport\/\",\"name\":\"Transport - Busquem conductors ocasionals - Viver de Bell Lloc\",\"isPartOf\":{\"@id\":\"https:\/\/vivelloc.cat\/es\/#website\"},\"primaryImageOfPage\":{\"@id\":\"https:\/\/vivelloc.cat\/colabora\/voluntariat\/transport\/#primaryimage\"},\"image\":{\"@id\":\"https:\/\/vivelloc.cat\/colabora\/voluntariat\/transport\/#primaryimage\"},\"thumbnailUrl\":\"https:\/\/vivelloc.cat\/wp-content\/uploads\/2019\/09\/adult-1869397_1920.jpg\",\"datePublished\":\"2019-05-16T08:13:19+00:00\",\"dateModified\":\"2025-02-18T13:54:18+00:00\",\"description\":\"Ens pots ajudar amb el transport? Permet que els nostres usuaris puguin assistir a les activitats de lleure, conduint la nostra furgoneta.\",\"breadcrumb\":{\"@id\":\"https:\/\/vivelloc.cat\/colabora\/voluntariat\/transport\/#breadcrumb\"},\"inLanguage\":\"ca\",\"potentialAction\":[{\"@type\":\"ReadAction\",\"target\":[\"https:\/\/vivelloc.cat\/colabora\/voluntariat\/transport\/\"]}]},{\"@type\":\"ImageObject\",\"inLanguage\":\"ca\",\"@id\":\"https:\/\/vivelloc.cat\/colabora\/voluntariat\/transport\/#primaryimage\",\"url\":\"https:\/\/vivelloc.cat\/wp-content\/uploads\/2019\/09\/adult-1869397_1920.jpg\",\"contentUrl\":\"https:\/\/vivelloc.cat\/wp-content\/uploads\/2019\/09\/adult-1869397_1920.jpg\",\"width\":1800,\"height\":1199,\"caption\":\"Mans conduint un vehicle.\"},{\"@type\":\"BreadcrumbList\",\"@id\":\"https:\/\/vivelloc.cat\/colabora\/voluntariat\/transport\/#breadcrumb\",\"itemListElement\":[{\"@type\":\"ListItem\",\"position\":1,\"name\":\"Inici\",\"item\":\"https:\/\/vivelloc.cat\/\"},{\"@type\":\"ListItem\",\"position\":2,\"name\":\"Col\u00b7labora\",\"item\":\"https:\/\/vivelloc.cat\/colabora\/\"},{\"@type\":\"ListItem\",\"position\":3,\"name\":\"Suma&#8217;t al voluntariat!\",\"item\":\"https:\/\/vivelloc.cat\/colabora\/voluntariat\/\"},{\"@type\":\"ListItem\",\"position\":4,\"name\":\"Transport\"}]},{\"@type\":\"WebSite\",\"@id\":\"https:\/\/vivelloc.cat\/es\/#website\",\"url\":\"https:\/\/vivelloc.cat\/es\/\",\"name\":\"Viver de Bell Lloc\",\"description\":\"Promovem el creixement personal de persones amb disCapacitat i TSM sever\",\"potentialAction\":[{\"@type\":\"SearchAction\",\"target\":{\"@type\":\"EntryPoint\",\"urlTemplate\":\"https:\/\/vivelloc.cat\/es\/?s={search_term_string}\"},\"query-input\":\"required name=search_term_string\"}],\"inLanguage\":\"ca\"}]}<\/script>\n<!-- \/ Yoast SEO plugin. -->","yoast_head_json":{"title":"Transport - Busquem conductors ocasionals - Viver de Bell Lloc","description":"Ens pots ajudar amb el transport? Permet que els nostres usuaris puguin assistir a les activitats de lleure, conduint la nostra furgoneta.","robots":{"index":"index","follow":"follow","max-snippet":"max-snippet:-1","max-image-preview":"max-image-preview:large","max-video-preview":"max-video-preview:-1"},"canonical":"https:\/\/vivelloc.cat\/ca\/colabora\/voluntariat\/transport\/","og_locale":"ca_ES","og_type":"article","og_title":"Transport - Busquem conductors ocasionals - Viver de Bell Lloc","og_description":"Ens pots ajudar amb el transport? Permet que els nostres usuaris puguin assistir a les activitats de lleure, conduint la nostra furgoneta.","og_url":"https:\/\/vivelloc.cat\/ca\/colabora\/voluntariat\/transport\/","og_site_name":"Viver de Bell Lloc","article_modified_time":"2025-02-18T13:54:18+00:00","og_image":[{"width":1800,"height":1199,"url":"https:\/\/vivelloc.cat\/wp-content\/uploads\/2019\/09\/adult-1869397_1920.jpg","type":"image\/jpeg"}],"twitter_card":"summary_large_image","twitter_misc":{"Temps estimat de lectura":"1 minut"},"schema":{"@context":"https:\/\/schema.org","@graph":[{"@type":"WebPage","@id":"https:\/\/vivelloc.cat\/colabora\/voluntariat\/transport\/","url":"https:\/\/vivelloc.cat\/colabora\/voluntariat\/transport\/","name":"Transport - Busquem conductors ocasionals - Viver de Bell Lloc","isPartOf":{"@id":"https:\/\/vivelloc.cat\/es\/#website"},"primaryImageOfPage":{"@id":"https:\/\/vivelloc.cat\/colabora\/voluntariat\/transport\/#primaryimage"},"image":{"@id":"https:\/\/vivelloc.cat\/colabora\/voluntariat\/transport\/#primaryimage"},"thumbnailUrl":"https:\/\/vivelloc.cat\/wp-content\/uploads\/2019\/09\/adult-1869397_1920.jpg","datePublished":"2019-05-16T08:13:19+00:00","dateModified":"2025-02-18T13:54:18+00:00","description":"Ens pots ajudar amb el transport? Permet que els nostres usuaris puguin assistir a les activitats de lleure, conduint la nostra furgoneta.","breadcrumb":{"@id":"https:\/\/vivelloc.cat\/colabora\/voluntariat\/transport\/#breadcrumb"},"inLanguage":"ca","potentialAction":[{"@type":"ReadAction","target":["https:\/\/vivelloc.cat\/colabora\/voluntariat\/transport\/"]}]},{"@type":"ImageObject","inLanguage":"ca","@id":"https:\/\/vivelloc.cat\/colabora\/voluntariat\/transport\/#primaryimage","url":"https:\/\/vivelloc.cat\/wp-content\/uploads\/2019\/09\/adult-1869397_1920.jpg","contentUrl":"https:\/\/vivelloc.cat\/wp-content\/uploads\/2019\/09\/adult-1869397_1920.jpg","width":1800,"height":1199,"caption":"Mans conduint un vehicle."},{"@type":"BreadcrumbList","@id":"https:\/\/vivelloc.cat\/colabora\/voluntariat\/transport\/#breadcrumb","itemListElement":[{"@type":"ListItem","position":1,"name":"Inici","item":"https:\/\/vivelloc.cat\/"},{"@type":"ListItem","position":2,"name":"Col\u00b7labora","item":"https:\/\/vivelloc.cat\/colabora\/"},{"@type":"ListItem","position":3,"name":"Suma&#8217;t al voluntariat!","item":"https:\/\/vivelloc.cat\/colabora\/voluntariat\/"},{"@type":"ListItem","position":4,"name":"Transport"}]},{"@type":"WebSite","@id":"https:\/\/vivelloc.cat\/es\/#website","url":"https:\/\/vivelloc.cat\/es\/","name":"Viver de Bell Lloc","description":"Promovem el creixement personal de persones amb disCapacitat i TSM sever","potentialAction":[{"@type":"SearchAction","target":{"@type":"EntryPoint","urlTemplate":"https:\/\/vivelloc.cat\/es\/?s={search_term_string}"},"query-input":"required name=search_term_string"}],"inLanguage":"ca"}]}},"_links":{"self":[{"href":"https:\/\/vivelloc.cat\/ca\/wp-json\/wp\/v2\/pages\/695","targetHints":{"allow":["GET"]}}],"collection":[{"href":"https:\/\/vivelloc.cat\/ca\/wp-json\/wp\/v2\/pages"}],"about":[{"href":"https:\/\/vivelloc.cat\/ca\/wp-json\/wp\/v2\/types\/page"}],"author":[{"embeddable":true,"href":"https:\/\/vivelloc.cat\/ca\/wp-json\/wp\/v2\/users\/1"}],"replies":[{"embeddable":true,"href":"https:\/\/vivelloc.cat\/ca\/wp-json\/wp\/v2\/comments?post=695"}],"version-history":[{"count":5,"href":"https:\/\/vivelloc.cat\/ca\/wp-json\/wp\/v2\/pages\/695\/revisions"}],"predecessor-version":[{"id":10784,"href":"https:\/\/vivelloc.cat\/ca\/wp-json\/wp\/v2\/pages\/695\/revisions\/10784"}],"up":[{"embeddable":true,"href":"https:\/\/vivelloc.cat\/ca\/wp-json\/wp\/v2\/pages\/403"}],"wp:featuredmedia":[{"embeddable":true,"href":"https:\/\/vivelloc.cat\/ca\/wp-json\/wp\/v2\/media\/938"}],"wp:attachment":[{"href":"https:\/\/vivelloc.cat\/ca\/wp-json\/wp\/v2\/media?parent=695"}],"wp:term":[{"taxonomy":"post_tag","embeddable":true,"href":"https:\/\/vivelloc.cat\/ca\/wp-json\/wp\/v2\/tags?post=695"}],"curies":[{"name":"wp","href":"https:\/\/api.w.org\/{rel}","templated":true}]}}