{"id":308,"date":"2020-02-18T14:19:25","date_gmt":"2020-02-18T14:19:25","guid":{"rendered":"http:\/\/vivelloc.cat\/?page_id=308"},"modified":"2024-05-22T18:25:48","modified_gmt":"2024-05-22T18:25:48","slug":"politica-de-privadesa","status":"publish","type":"page","link":"https:\/\/vivelloc.cat\/ca\/politica-de-privadesa\/","title":{"rendered":"Politica de Privadesa"},"content":{"rendered":"<p>En compliment del RGPD \/Reglament General de Protecci\u00f3 de dades) i la Llei Org\u00e0nica Espanyola 3\/2018,<strong> GRUP VIVER DE BELL-LLOC<\/strong> <strong>(format per Fundaci\u00f3 Viver de Bell-lloc i Fundaci\u00f3 Llu\u00efsa Oller)<\/strong> informa a les persones usu\u00e0ries que les dades de car\u00e0cter personal que proporcionen al omplir els formularis o requeriments de contracte, es recolliran en fitxers propietat de <strong>\u00a0GRUP VIVER DE BELL-LLOC<\/strong> i seran tractats amb la finalitat de poder prestar e informar sobre els serveis o sobre els productes que <strong>GRUP VIVER DE BELL-LLOC<\/strong> ofereix. El fet d\u2019omplir un formulari d\u2019aquest espai web implica que la persona usu\u00e0ria reconeix que la informaci\u00f3 i les dades personals que ens indica son seus, exactes i certs.<\/p>\n<ol>\n<li><strong>\u00a0Qui \u00e9s el responsable del tractament de les seves dades personals?<\/strong><\/li>\n<\/ol>\n<p>Responsable del tractament: GRUP VIVER DE BELL-LLOC Barri del Rieral S\/N 08440 Cardedeu. Barcelona<\/p>\n<p>Correu electr\u00f2nic: lopd@vivelloc.cat<\/p>\n<ol start=\"2\">\n<li><strong>Amb quines finalitats continuarem tractant les seves dades personals?<\/strong><\/li>\n<\/ol>\n<p>Tractem les dades personals dels nostres contactes, clients i prove\u00efdors amb la finalitat de gestionar la relaci\u00f3 comercial amb la nostra organitzaci\u00f3 i, en especial, els aspectes contractuals, l\u2019enviament d\u2019informaci\u00f3 de la nostra organitzaci\u00f3 i del sector, l\u2019organitzaci\u00f3 d\u2019activitats, campanyes o esdeveniments i l\u2019enviament de comunicacions informatives i comercials (tamb\u00e9 per via electr\u00f2nica).<\/p>\n<ol start=\"3\">\n<li><strong>Quan temps conservarem les seves dades personals?<\/strong><\/li>\n<\/ol>\n<p>Les dades personals es conservaran durant el termini de sis (6) anys de conformitat amb la normativa comptable vigent\u00a0i, si s&#8217;escau, durant deu (10) segons la normativa de prevenci\u00f3 de blanqueig de capitals.<\/p>\n<p>En qualsevol cas, GRUP VIVER DE BELL-LLOC conservar\u00e0 les seves dades personals mentre siguin necess\u00e0ries per\u00a0 a la prestaci\u00f3 relaci\u00f3 contractual i a menys que ens en sol\u00b7liciti la supressi\u00f3. Tanmateix, les conservar\u00e0 durant el per\u00edode de temps necessari per a donar compliment a les obligacions legals que en cada cas correspongui d\u2019acord amb la tipologia de les dades.<\/p>\n<ol start=\"4\">\n<li><strong>Quina \u00e9s la legitimaci\u00f3 per al tractament de les seves dades personals?<\/strong><\/li>\n<\/ol>\n<p>La base legal per al tractament de dades \u00e9s:<\/p>\n<ul>\n<li>Implantaci\u00f3 de mesures precontractuals a petici\u00f3 de la persona interessada. Les seves dades personals seran tractades sobre la base de la relaci\u00f3 precontractual que dona inici al tractament i es legitima mitjan\u00e7ant la selecci\u00f3 de la casella de selecci\u00f3 del formulari on verifica el seu consentiment.<\/li>\n<li>L&#8217;execuci\u00f3 d&#8217;un contracte.<\/li>\n<li>El seu consentiment i\/o inter\u00e8s leg\u00edtim per enviar comunicacions comercials i promocions.<\/li>\n<li>Compliment d&#8217;obligacions legals aplicables a l&#8217;activitat, derivades de la legislaci\u00f3 mercantil i tribut\u00e0ria amb clientes i prove\u00efdores.<\/li>\n<\/ul>\n<ol start=\"5\">\n<li><strong>A quins destinataris es comunicaran les seves dades personals?<\/strong><\/li>\n<\/ol>\n<p>Les dades \u00fanicament podran comunicar-se a organitzacions vinculades a GRUP VIVER DE BELL-LLOC en l\u2019\u00e0mbit de la gesti\u00f3 dels seus productes i\/o serveis per a les mateixes finalitats referides anteriorment, aix\u00ed com a aquelles Administracions P\u00fabliques competents quan ho exigeixi la normativa vigent.<\/p>\n<p>El personal de GRUP VIVER DE BELL-LLOC que disposa de drets d\u2019acc\u00e9s autoritzat d\u2019acord amb l\u2019estructura de seguretat interna de GRUP VIVER DE BELL-LLOC poden accedir a les teves dades amb els objectius descrits en aquesta Pol\u00edtica de Protecci\u00f3 de dades. Tots les persones empleades de GRUP VIVER DE BELL-LLOC han estat formades i informades de les seves responsabilitats al respecte i signen l\u2019acord\u00a0 de confidencialitat corresponent. Igualment, poden accedir a les seves dades, organitzacions terceres quina intervenci\u00f3 sigui requerida i\/o necess\u00e0ria per\u00a0 a la gesti\u00f3 adequada de la prestaci\u00f3 del servei.<\/p>\n<p>GRUP VIVER DE BELL-LLOC ha establert contractes o acords contractuals i mesures de seguretat amb tercers, per garantir l\u2019adequat nivell de seguretat i de protecci\u00f3 de les dades personals.<\/p>\n<ol start=\"6\">\n<li><strong>Quins s\u00f3n els seus drets en relaci\u00f3 amb les seves dades personals?<\/strong><\/li>\n<\/ol>\n<p>Pot sol\u00b7licitar l\u2019acc\u00e9s, rectificaci\u00f3, supressi\u00f3, limitaci\u00f3 al tractament, portabilitat i oposici\u00f3 al tractament de les seves dades en qualsevol moment.<\/p>\n<p>Podr\u00e0 revocar el consentiment a l\u2019enviament de comunicacions comercials i exercir els drets referits anteriorment, mitjan\u00e7ant l\u2019enviament d\u2019un correu electr\u00f2nic a lopd@vivelloc.cat acompanyat de l\u2019acreditaci\u00f3 documental de la seva identitat. Amb l\u2019excepci\u00f3 de que ens ho indiqui mitjan\u00e7ant l\u2019opci\u00f3 de donar-se de baixa que trobar\u00e0 en els enviaments electr\u00f2nics, que ja ens donar\u00e0 informaci\u00f3 de la seva baixa.<\/p>\n<p>Si no obt\u00e9 una resposta satisfact\u00f2ria i desitja formular una reclamaci\u00f3 o obtenir m\u00e9s informaci\u00f3 al respecte de qualsevol d&#8217;aquests drets, pot adre\u00e7ar-te a l&#8217;Ag\u00e8ncia Espanyola de Protecci\u00f3 de Dades (<a href=\"http:\/\/www.agpd.es\/\">www.agpd.es<\/a>).<\/p>\n<ol start=\"7\">\n<li><strong>Quina es la relaci\u00f3 d\u2019informaci\u00f3 personal emmagatzemada?<\/strong><\/li>\n<\/ol>\n<p>Es guarden les dades b\u00e0siques d\u2019identificaci\u00f3 i relaci\u00f3, per a l\u2019enviament de propostes, gesti\u00f3 o informaci\u00f3 comercial, creaci\u00f3 de factures, com per exemple\u00a0 nom i cognoms, domicili d\u2019enviament, NIF\/CIF, n\u00famero de compte, si el client desitja domiciliaci\u00f3 banc\u00e0ria.<\/p>\n<ol start=\"8\">\n<li><strong>Quina \u00e9s la Pol\u00edtica d\u2019emmagatzemat de dades \/ disponibilitat \/ backups i la seva ubicaci\u00f3?<\/strong><\/li>\n<\/ol>\n<p>No s\u2019elimina informaci\u00f3, a menys que sigui sol\u00b7licitada supressi\u00f3 per part de l\u2019usuari i que aquesta supressi\u00f3 s\u2019escaigui (veure punt 3). Sempre est\u00e0 disponible, malgrat pot estar bloquejada per a lliuraments informatius de\u00a0 marketing \/ comercial, si s\u2019han exercitats els drets de supressi\u00f3, limitaci\u00f3 al tractament o b\u00e9 oposici\u00f3 per part de l\u2019usuari.<\/p>\n<p>Es realitzen copies de seguretat dels servidors que contenen dades, degudament controlades i custodiades.<\/p>\n<ol start=\"9\">\n<li><strong>Quina es la Pol\u00edtica de privacitat i Seguretat de la informaci\u00f3 i el seu acc\u00e9s?<\/strong><\/li>\n<\/ol>\n<p>L\u2019acc\u00e9s\u00a0 a la base de dades est\u00e0 protegit mitjan\u00e7ant usuari i contrasenya. En el cas d\u2019acc\u00e9s remot autoritzat, aquest es realitza mitjan\u00e7ant protocol VPN<\/p>\n<ol start=\"10\">\n<li><strong>Quina es la Pol\u00edtica de resposta front incidents de seguretat i an\u00e0lisi del seu impacte?<\/strong><\/li>\n<\/ol>\n<p>GRUP VIVER DE BELL-LLOC ha adoptat mesures de protecci\u00f3 t\u00e8cniques i organitzatives apropiades i aquestes mesures s\u2019han aplicat a les dades afectades per la potencial violaci\u00f3 de la seguretat de les dades personals. No hi ha acc\u00e9s a dades de clients \/ usuaris per persones que no estiguin autoritzades a accedir a elles.<\/p>\n<p>GRUP VIVER DE BELL-LLOC ha dut a terme i mant\u00e9 actualitzat un An\u00e0lisi dels riscos de la vulnerabilitat de les dades personals i del seu impacte si es donen, sobre la seguretat i la intimitat de les clientes o usu\u00e0ries.<\/p>\n<ol start=\"11\">\n<li><strong>Quina es la Pol\u00edtica d\u2019esborrat davant baixes del servei?<\/strong><\/li>\n<\/ol>\n<p>GRUP VIVER DE BELL-LLOC desactiva a les seves BBDD d\u2019enviaments d\u2019informaci\u00f3, els comptes del les clientes\/usu\u00e0ries que decideixen donar-se de baixa i que hagin exercit el seu dret a la supressi\u00f3. En aquest cas, les dades de la clienta\/usu\u00e0ria quedaran bloquejades i mantingudes el temps requerit per normativa i exclusivament pel compliment de les obligacions legals que justifiquin la relaci\u00f3 passada entre les parts.<\/p>\n<ol start=\"12\">\n<li><strong>Qui es el nostre Responsable de Seguretat en mat\u00e8ria de Protecci\u00f3 de dades?<\/strong><\/li>\n<\/ol>\n<p>GRUP VIVER DE BELL-LLOC t\u00e9 obligatorietat legal de designar un DPD (Delegat de Protecci\u00f3 de dades), d\u2019acord amb la legislaci\u00f3 vigent.<\/p>\n<p>El delegat de protecci\u00f3 de dades (DPD) \u00e9s el garant del compliment de la normativa de protecci\u00f3 de dades a l\u2019organitzaci\u00f3, que s\u2019encarrega de supervisar, de manera independent, l\u2019aplicaci\u00f3 del compliment de la normativa de protecci\u00f3 de dades.<\/p>\n<p>Hi podeu contactar mitjan\u00e7ant:<\/p>\n<ul>\n<li><strong>Correu electr\u00f2nic:<\/strong> lopd@vivelloc.cat<\/li>\n<li><strong>Adre\u00e7a de contacte: <\/strong>Barri del Rieral S\/N 08440 Cardedeu<\/li>\n<li><strong>Tel\u00e8fon: <\/strong>938 44 41 05<\/li>\n<\/ul>\n<p>La persona delegada de protecci\u00f3 de dades es troba regulat en el Reglament (UE) 2016\/679 del Parlament Europeu i del Consell (RGPD), de 27 d\u2019abril de 2016, relatiu a la protecci\u00f3 de les persones f\u00edsiques pel que fa al tractament de dades personals i a la lliure circulaci\u00f3 d\u2019aquestes dades i pel qual es deroga la Directiva 95\/46\/CE.<\/p>\n<p>L\u2019article 39 de l\u2019RGPD, recull les funcions de la persona delegada de protecci\u00f3 de dades que s\u00f3n les seg\u00fcents:<\/p>\n<ul>\n<li>Informar i assessorar de les seves obligacions el responsable o l\u2019encarregat del tractament i els empleats que s\u2019ocupen del tractament, de conformitat amb aquest Reglament i amb altres disposicions de protecci\u00f3 de dades de la Uni\u00f3 o dels estats membres.<\/li>\n<li>Supervisar el compliment del que disposa aquest Reglament, d\u2019altres disposicions de protecci\u00f3 de dades de la Uni\u00f3 o dels estats membres i de les pol\u00edtiques del responsable o de l\u2019encarregat del tractament en mat\u00e8ria de protecci\u00f3 de dades personals, inclosa l\u2019assignaci\u00f3 de responsabilitats, la conscienciaci\u00f3 i la formaci\u00f3 del personal que participa en les operacions de tractament i les auditories corresponents.<\/li>\n<li>Oferir l\u2019assessorament que se li sol\u00b7licita sobre l\u2019avaluaci\u00f3 d\u2019impacte relativa a la protecci\u00f3 de dades i supervisar-ne l\u2019aplicaci\u00f3, de conformitat amb l\u2019article 35.<\/li>\n<li>Cooperar amb l\u2019autoritat de control.<\/li>\n<li>Actuar com a punt de contacte de l\u2019autoritat de control per a q\u00fcestions relatives al tractament, inclosa la consulta pr\u00e8via a qu\u00e8 es refereix l\u2019article 36, i fer consultes, si escau, sobre qualsevol altre assumpte.<\/li>\n<\/ul>\n<p>En cas que GRUP VIVER DE BELL-LLOC identifiqui una violaci\u00f3 de seguretat de dades personals que comprometi a una o m\u00e9s de les seves\u00a0 usu\u00e0ries, aquesta\/es seran notificades a la major brevetat possible al respecte. Si el risc i vulneraci\u00f3 fossin importants, es notificaria igualment a l\u2019autoritat competent.<\/p>\n<p>La persona usu\u00e0ria registrada conserva en tot moment la possibilitat d\u2019exercitar el seus drets d\u2019acc\u00e9s, rectificaci\u00f3, oposici\u00f3, supressi\u00f3, tractament limitat, portabilitat u oposici\u00f3 al tractament de les seves dades. Aix\u00ed mateix, i de conformitat amb la Llei 34\/ 2002, d\u20191 de juliol, de serveis de la societat de la informaci\u00f3 i comer\u00e7 electr\u00f2nic, pot\u00a0 revocar en qualsevol moment el consentiment prestat a la recepci\u00f3 de comunicacions comercials. En cas de dubte, aix\u00ed com per exercitar els drets mencionats, pot dirigir-se a <strong>GRUP VIVER DE BELL-LLOC<\/strong> mitjan\u00e7ant correu electr\u00f2nic lopd@vivelloc.cat o correu postal a Adre\u00e7a: GRUP VIVER DE BELL-LLOC en Barri del Rieral, S\/N 08440 Cardedeu. Barcelona<\/p>\n<p><strong>LEGISLACI\u00d3 APLICABLE I COMPET\u00c8NCIA JUDICIAL <\/strong><\/p>\n<p>Qualsevol controv\u00e8rsia sorgida en l\u2019 interpretaci\u00f3 o l\u2019execuci\u00f3 d\u2019aquesta Pol\u00edtica de privacitat s\u2019interpretar\u00e0 a partir de la legislaci\u00f3 espanyola. Aix\u00ed mateix, <strong>GRUP VIVER DE BELL-LLOC<\/strong> a trav\u00e9s de la seva representaci\u00f3 legal i la persona usu\u00e0ria, renuncia a qualsevol altra jurisdicci\u00f3 i es sotmeten a la dels jutjats i tribunals del domicili del usuari per qualsevol controv\u00e8rsia que pugui succeir. En el cas de que la persona usu\u00e0ria tingui el seu domicili fora d\u2019Espanya <strong>GRUP VIVER DE BELL-LLOC<\/strong> i aquesta es sotmetran als jutjats i tribunals de la ciutat de Barcelona.<\/p>\n","protected":false},"excerpt":{"rendered":"<p>En compliment del RGPD \/Reglament General de Protecci\u00f3 de dades) i la Llei Org\u00e0nica Espanyola 3\/2018, GRUP VIVER DE BELL-LLOC (format per Fundaci\u00f3 Viver de Bell-lloc i Fundaci\u00f3 Llu\u00efsa Oller) [&hellip;]<\/p>\n","protected":false},"author":1,"featured_media":0,"parent":0,"menu_order":92,"comment_status":"closed","ping_status":"closed","template":"","meta":{"_acf_changed":false,"footnotes":""},"tags":[],"class_list":["post-308","page","type-page","status-publish","hentry"],"acf":[],"yoast_head":"<!-- This site is optimized with the Yoast SEO plugin v23.0 - https:\/\/yoast.com\/wordpress\/plugins\/seo\/ -->\n<title>Politica de Privadesa - Viver de Bell Lloc<\/title>\n<meta name=\"robots\" content=\"index, follow, max-snippet:-1, max-image-preview:large, max-video-preview:-1\" \/>\n<link rel=\"canonical\" href=\"https:\/\/vivelloc.cat\/ca\/politica-de-privadesa\/\" \/>\n<meta property=\"og:locale\" content=\"ca_ES\" \/>\n<meta property=\"og:type\" content=\"article\" \/>\n<meta property=\"og:title\" content=\"Politica de Privadesa - Viver de Bell Lloc\" \/>\n<meta property=\"og:description\" content=\"En compliment del RGPD \/Reglament General de Protecci\u00f3 de dades) i la Llei Org\u00e0nica Espanyola 3\/2018, GRUP VIVER DE BELL-LLOC (format per Fundaci\u00f3 Viver de Bell-lloc i Fundaci\u00f3 Llu\u00efsa Oller) [&hellip;]\" \/>\n<meta property=\"og:url\" content=\"https:\/\/vivelloc.cat\/ca\/politica-de-privadesa\/\" \/>\n<meta property=\"og:site_name\" content=\"Viver de Bell Lloc\" \/>\n<meta property=\"article:modified_time\" content=\"2024-05-22T18:25:48+00:00\" \/>\n<meta name=\"twitter:card\" content=\"summary_large_image\" \/>\n<meta name=\"twitter:label1\" content=\"Temps estimat de lectura\" \/>\n\t<meta name=\"twitter:data1\" content=\"9 minuts\" \/>\n<script type=\"application\/ld+json\" class=\"yoast-schema-graph\">{\"@context\":\"https:\/\/schema.org\",\"@graph\":[{\"@type\":\"WebPage\",\"@id\":\"https:\/\/vivelloc.cat\/ca\/politica-de-privadesa\/\",\"url\":\"https:\/\/vivelloc.cat\/ca\/politica-de-privadesa\/\",\"name\":\"Politica de Privadesa - Viver de Bell Lloc\",\"isPartOf\":{\"@id\":\"https:\/\/vivelloc.cat\/es\/#website\"},\"datePublished\":\"2020-02-18T14:19:25+00:00\",\"dateModified\":\"2024-05-22T18:25:48+00:00\",\"breadcrumb\":{\"@id\":\"https:\/\/vivelloc.cat\/ca\/politica-de-privadesa\/#breadcrumb\"},\"inLanguage\":\"ca\",\"potentialAction\":[{\"@type\":\"ReadAction\",\"target\":[\"https:\/\/vivelloc.cat\/ca\/politica-de-privadesa\/\"]}]},{\"@type\":\"BreadcrumbList\",\"@id\":\"https:\/\/vivelloc.cat\/ca\/politica-de-privadesa\/#breadcrumb\",\"itemListElement\":[{\"@type\":\"ListItem\",\"position\":1,\"name\":\"Inici\",\"item\":\"https:\/\/vivelloc.cat\/\"},{\"@type\":\"ListItem\",\"position\":2,\"name\":\"Politica de Privadesa\"}]},{\"@type\":\"WebSite\",\"@id\":\"https:\/\/vivelloc.cat\/es\/#website\",\"url\":\"https:\/\/vivelloc.cat\/es\/\",\"name\":\"Viver de Bell Lloc\",\"description\":\"Promovem el creixement personal de persones amb disCapacitat i TSM sever\",\"potentialAction\":[{\"@type\":\"SearchAction\",\"target\":{\"@type\":\"EntryPoint\",\"urlTemplate\":\"https:\/\/vivelloc.cat\/es\/?s={search_term_string}\"},\"query-input\":\"required name=search_term_string\"}],\"inLanguage\":\"ca\"}]}<\/script>\n<!-- \/ Yoast SEO plugin. -->","yoast_head_json":{"title":"Politica de Privadesa - Viver de Bell Lloc","robots":{"index":"index","follow":"follow","max-snippet":"max-snippet:-1","max-image-preview":"max-image-preview:large","max-video-preview":"max-video-preview:-1"},"canonical":"https:\/\/vivelloc.cat\/ca\/politica-de-privadesa\/","og_locale":"ca_ES","og_type":"article","og_title":"Politica de Privadesa - Viver de Bell Lloc","og_description":"En compliment del RGPD \/Reglament General de Protecci\u00f3 de dades) i la Llei Org\u00e0nica Espanyola 3\/2018, GRUP VIVER DE BELL-LLOC (format per Fundaci\u00f3 Viver de Bell-lloc i Fundaci\u00f3 Llu\u00efsa Oller) [&hellip;]","og_url":"https:\/\/vivelloc.cat\/ca\/politica-de-privadesa\/","og_site_name":"Viver de Bell Lloc","article_modified_time":"2024-05-22T18:25:48+00:00","twitter_card":"summary_large_image","twitter_misc":{"Temps estimat de lectura":"9 minuts"},"schema":{"@context":"https:\/\/schema.org","@graph":[{"@type":"WebPage","@id":"https:\/\/vivelloc.cat\/ca\/politica-de-privadesa\/","url":"https:\/\/vivelloc.cat\/ca\/politica-de-privadesa\/","name":"Politica de Privadesa - Viver de Bell Lloc","isPartOf":{"@id":"https:\/\/vivelloc.cat\/es\/#website"},"datePublished":"2020-02-18T14:19:25+00:00","dateModified":"2024-05-22T18:25:48+00:00","breadcrumb":{"@id":"https:\/\/vivelloc.cat\/ca\/politica-de-privadesa\/#breadcrumb"},"inLanguage":"ca","potentialAction":[{"@type":"ReadAction","target":["https:\/\/vivelloc.cat\/ca\/politica-de-privadesa\/"]}]},{"@type":"BreadcrumbList","@id":"https:\/\/vivelloc.cat\/ca\/politica-de-privadesa\/#breadcrumb","itemListElement":[{"@type":"ListItem","position":1,"name":"Inici","item":"https:\/\/vivelloc.cat\/"},{"@type":"ListItem","position":2,"name":"Politica de Privadesa"}]},{"@type":"WebSite","@id":"https:\/\/vivelloc.cat\/es\/#website","url":"https:\/\/vivelloc.cat\/es\/","name":"Viver de Bell Lloc","description":"Promovem el creixement personal de persones amb disCapacitat i TSM sever","potentialAction":[{"@type":"SearchAction","target":{"@type":"EntryPoint","urlTemplate":"https:\/\/vivelloc.cat\/es\/?s={search_term_string}"},"query-input":"required name=search_term_string"}],"inLanguage":"ca"}]}},"_links":{"self":[{"href":"https:\/\/vivelloc.cat\/ca\/wp-json\/wp\/v2\/pages\/308","targetHints":{"allow":["GET"]}}],"collection":[{"href":"https:\/\/vivelloc.cat\/ca\/wp-json\/wp\/v2\/pages"}],"about":[{"href":"https:\/\/vivelloc.cat\/ca\/wp-json\/wp\/v2\/types\/page"}],"author":[{"embeddable":true,"href":"https:\/\/vivelloc.cat\/ca\/wp-json\/wp\/v2\/users\/1"}],"replies":[{"embeddable":true,"href":"https:\/\/vivelloc.cat\/ca\/wp-json\/wp\/v2\/comments?post=308"}],"version-history":[{"count":13,"href":"https:\/\/vivelloc.cat\/ca\/wp-json\/wp\/v2\/pages\/308\/revisions"}],"predecessor-version":[{"id":9572,"href":"https:\/\/vivelloc.cat\/ca\/wp-json\/wp\/v2\/pages\/308\/revisions\/9572"}],"wp:attachment":[{"href":"https:\/\/vivelloc.cat\/ca\/wp-json\/wp\/v2\/media?parent=308"}],"wp:term":[{"taxonomy":"post_tag","embeddable":true,"href":"https:\/\/vivelloc.cat\/ca\/wp-json\/wp\/v2\/tags?post=308"}],"curies":[{"name":"wp","href":"https:\/\/api.w.org\/{rel}","templated":true}]}}