{"id":12373,"date":"2026-04-07T13:34:31","date_gmt":"2026-04-07T13:34:31","guid":{"rendered":"https:\/\/vivelloc.cat\/?page_id=12373"},"modified":"2026-04-07T13:34:31","modified_gmt":"2026-04-07T13:34:31","slug":"discapacitat_oportunitat_laboral","status":"publish","type":"page","link":"https:\/\/vivelloc.cat\/ca\/discapacitat_oportunitat_laboral\/","title":{"rendered":"Centre Especial de Treball amb Iniciativa Social de Fundaci\u00f3 Viver de Bell-lloc"},"content":{"rendered":"<p><img loading=\"lazy\" decoding=\"async\" class=\"wp-image-12413 size-medium aligncenter\" src=\"https:\/\/vivelloc.cat\/wp-content\/uploads\/2026\/03\/BANNERS-18-900x300.png\" alt=\"\" width=\"900\" height=\"300\" srcset=\"https:\/\/vivelloc.cat\/wp-content\/uploads\/2026\/03\/BANNERS-18-900x300.png 900w, https:\/\/vivelloc.cat\/wp-content\/uploads\/2026\/03\/BANNERS-18-768x256.png 768w, https:\/\/vivelloc.cat\/wp-content\/uploads\/2026\/03\/BANNERS-18-18x6.png 18w, https:\/\/vivelloc.cat\/wp-content\/uploads\/2026\/03\/BANNERS-18.png 1200w\" sizes=\"auto, (max-width: 900px) 100vw, 900px\" \/><\/p>\n<h2 data-start=\"146\" data-end=\"168\"><strong data-start=\"146\" data-end=\"168\">Fundaci\u00f3 Viver de Bell-lloc<\/strong><\/h2>\n<p data-start=\"170\" data-end=\"477\">A la Fundaci\u00f3 Viver de Bell-lloc treballem des de diferents \u00e0mbits amb un mateix prop\u00f2sit:<strong> generar oportunitats reals per a persones en situaci\u00f3 de vulnerabilitat<\/strong>, especialment aquelles amb disCapacitat intel\u00b7lectual o trastorns de salut mental.<\/p>\n<p data-start=\"479\" data-end=\"651\">Creiem en una societat on tothom tingui un lloc, on les capacitats de cada persona siguin reconegudes i on el treball esdevingui una eina de dignitat, autonomia i inclusi\u00f3.<\/p>\n<p data-start=\"653\" data-end=\"783\">Acompanyem persones en el seu cam\u00ed vital i laboral, creant espais on puguin cr\u00e9ixer, aportar i formar part activa de la comunitat.<\/p>\n<p data-start=\"785\" data-end=\"973\">Col\u00b7laborar amb nosaltres no \u00e9s nom\u00e9s contractar un servei. \u00c9s formar part d\u2019un <strong>projecte col\u00b7lectiu que transforma vides, genera oportunitats i construeix un territori m\u00e9s just i inclusiu<\/strong>.<\/p>\n<p data-start=\"975\" data-end=\"1135\">Cada projecte que desenvolupem t\u00e9 un impacte real: darrere de cada servei hi ha persones que es formen, que treballen i que avancen cap a una vida m\u00e9s aut\u00f2noma.<\/p>\n<blockquote>\n<h3 style=\"text-align: left;\" data-start=\"975\" data-end=\"1135\"><span class=\"a_GcMg font-feature-liga-off font-feature-clig-off font-feature-calt-off text-decoration-none text-strikethrough-none\">Generem oportunitats a trav\u00e9s del treball i dels projectes compartits<\/span><\/h3>\n<\/blockquote>\n<h3 data-start=\"1222\" data-end=\"1245\"><strong data-start=\"1222\" data-end=\"1245\">Els serveis de la Fundaci\u00f3 Viver de Bell-lloc<\/strong><\/h3>\n<p data-start=\"1247\" data-end=\"1455\">Oferim serveis i productes pensats per donar resposta a necessitats reals, per\u00f2 sobretot per crear oportunitats. Ens adaptem a cada projecte amb flexibilitat i comprom\u00eds, posant sempre les persones al centre.<\/p>\n<p data-start=\"1457\" data-end=\"1575\">Treballem amb cura, responsabilitat i qualitat, perqu\u00e8 creiem que la inclusi\u00f3 tamb\u00e9 passa per fer les coses ben fetes.<\/p>\n<p>&nbsp;<\/p>\n<p><a href=\"https:\/\/vivelloc.cat\/es\/que-fem\/serveis-a-empreses-i-a-administracions\/jardineria\/\"><img loading=\"lazy\" decoding=\"async\" class=\"alignnone wp-image-12467\" src=\"https:\/\/vivelloc.cat\/wp-content\/uploads\/2026\/03\/1-5-720x900.png\" alt=\"Fundaci\u00f3 Viver de Bell-lloc, oportunitats laborals: Jardineria i Viverisme\" width=\"276\" height=\"345\" srcset=\"https:\/\/vivelloc.cat\/wp-content\/uploads\/2026\/03\/1-5-720x900.png 720w, https:\/\/vivelloc.cat\/wp-content\/uploads\/2026\/03\/1-5-768x960.png 768w, https:\/\/vivelloc.cat\/wp-content\/uploads\/2026\/03\/1-5-10x12.png 10w, https:\/\/vivelloc.cat\/wp-content\/uploads\/2026\/03\/1-5.png 1080w\" sizes=\"auto, (max-width: 276px) 100vw, 276px\" \/><\/a> \u00a0 <a href=\"https:\/\/vivelloc.cat\/es\/que-fem\/serveis-a-empreses-i-a-administracions\/manipulats\/\"><img loading=\"lazy\" decoding=\"async\" class=\"alignnone wp-image-12468\" src=\"https:\/\/vivelloc.cat\/wp-content\/uploads\/2026\/03\/2-5-720x900.png\" alt=\"Fundaci\u00f3 Viver de Bell-lloc, oportunitats laborals: Serveis a empreses\" width=\"276\" height=\"345\" srcset=\"https:\/\/vivelloc.cat\/wp-content\/uploads\/2026\/03\/2-5-720x900.png 720w, https:\/\/vivelloc.cat\/wp-content\/uploads\/2026\/03\/2-5-768x960.png 768w, https:\/\/vivelloc.cat\/wp-content\/uploads\/2026\/03\/2-5-10x12.png 10w, https:\/\/vivelloc.cat\/wp-content\/uploads\/2026\/03\/2-5.png 1080w\" sizes=\"auto, (max-width: 276px) 100vw, 276px\" \/><\/a> \u00a0 <a href=\"https:\/\/vivelloc.cat\/es\/la-fabrica-gastronomia-amb-impacte-social-fundacio-viver-de-bell-lloc\/\"><img loading=\"lazy\" decoding=\"async\" class=\"alignnone wp-image-12469\" src=\"https:\/\/vivelloc.cat\/wp-content\/uploads\/2026\/03\/3-3-720x900.png\" alt=\"Fundaci\u00f3 Viver de Bell-lloc, oportunitats laborals: Serveis de restauraci\u00f3\" width=\"277\" height=\"346\" srcset=\"https:\/\/vivelloc.cat\/wp-content\/uploads\/2026\/03\/3-3-720x900.png 720w, https:\/\/vivelloc.cat\/wp-content\/uploads\/2026\/03\/3-3-768x960.png 768w, https:\/\/vivelloc.cat\/wp-content\/uploads\/2026\/03\/3-3-10x12.png 10w, https:\/\/vivelloc.cat\/wp-content\/uploads\/2026\/03\/3-3.png 1080w\" sizes=\"auto, (max-width: 277px) 100vw, 277px\" \/><\/a><\/p>\n<p><a href=\"https:\/\/vivelloc.cat\/?page_id=12507&amp;preview=true\"><img loading=\"lazy\" decoding=\"async\" class=\"alignnone wp-image-12516 \" src=\"https:\/\/vivelloc.cat\/wp-content\/uploads\/2026\/03\/web-Serveis-a-empreses-1-720x900.png\" alt=\"Fundaci\u00f3 Viver de Bell-lloc, oportunitats laborals: Productes ecol\u00f2gics\" width=\"277\" height=\"347\" srcset=\"https:\/\/vivelloc.cat\/wp-content\/uploads\/2026\/03\/web-Serveis-a-empreses-1-720x900.png 720w, https:\/\/vivelloc.cat\/wp-content\/uploads\/2026\/03\/web-Serveis-a-empreses-1-768x960.png 768w, https:\/\/vivelloc.cat\/wp-content\/uploads\/2026\/03\/web-Serveis-a-empreses-1-10x12.png 10w, https:\/\/vivelloc.cat\/wp-content\/uploads\/2026\/03\/web-Serveis-a-empreses-1.png 1080w\" sizes=\"auto, (max-width: 277px) 100vw, 277px\" \/><\/a> \u00a0 <a href=\"https:\/\/vivelloc.cat\/es\/empresa-i-inclusio-discapaitat-salut-mental\/\"><img loading=\"lazy\" decoding=\"async\" class=\"alignnone wp-image-12471\" src=\"https:\/\/vivelloc.cat\/wp-content\/uploads\/2026\/03\/5-3-720x900.png\" alt=\"Fundaci\u00f3 Viver de Bell-lloc, oportunitats laborals: Servei Empresa i Inclusi\u00f3\" width=\"278\" height=\"348\" srcset=\"https:\/\/vivelloc.cat\/wp-content\/uploads\/2026\/03\/5-3-720x900.png 720w, https:\/\/vivelloc.cat\/wp-content\/uploads\/2026\/03\/5-3-768x960.png 768w, https:\/\/vivelloc.cat\/wp-content\/uploads\/2026\/03\/5-3-10x12.png 10w, https:\/\/vivelloc.cat\/wp-content\/uploads\/2026\/03\/5-3.png 1080w\" sizes=\"auto, (max-width: 278px) 100vw, 278px\" \/><\/a> \u00a0 <a href=\"https:\/\/vivelloc.cat\/es\/que-fem\/serveis-a-empreses-i-a-administracions\/viventura-creixement-natura-i-aventura\/\"><img loading=\"lazy\" decoding=\"async\" class=\"alignnone wp-image-12472\" src=\"https:\/\/vivelloc.cat\/wp-content\/uploads\/2026\/03\/6-3-720x900.png\" alt=\"Fundaci\u00f3 Viver de Bell-lloc, oportunitats laborals: Benestar organitzacional\" width=\"279\" height=\"349\" srcset=\"https:\/\/vivelloc.cat\/wp-content\/uploads\/2026\/03\/6-3-720x900.png 720w, https:\/\/vivelloc.cat\/wp-content\/uploads\/2026\/03\/6-3-768x960.png 768w, https:\/\/vivelloc.cat\/wp-content\/uploads\/2026\/03\/6-3-10x12.png 10w, https:\/\/vivelloc.cat\/wp-content\/uploads\/2026\/03\/6-3.png 1080w\" sizes=\"auto, (max-width: 279px) 100vw, 279px\" \/><\/a><\/p>\n<p>Cada col\u00b7laboraci\u00f3 genera\u00a0<strong>valor afegit per a l\u2019organitzaci\u00f3\u00a0<\/strong>i oportunitats reals per a persones amb\u00a0<strong>disCapacitat<\/strong>, contribuint al desenvolupament social i econ\u00f2mic del<br \/>\n<strong>Vall\u00e8s Oriental<\/strong>.<\/p>\n<p>Apostar pels nostres serveis \u00e9s refor\u00e7ar la\u00a0<strong>responsabilitat corporativa<\/strong>, avan\u00e7ar en sostenibilitat i generar un impacte positiu i mesurable.<\/p>\n<h3><\/h3>\n<h3>Parlem? Visualitza Totes les feines que pots fer amb el <a href=\"https:\/\/vivelloc.cat\/ca\/que-fem\/serveis-a-empreses-i-a-administracions\/\">Centre Especial de Treball d&#8217;Iniciativa Social<\/a> de Fundaci\u00f3 Viver de Bell-lloc o\u00a0<a href=\"https:\/\/vivelloc.cat\/wp-content\/uploads\/2026\/02\/CatalegFVB_2026-comprimido.pdf\">d<strong>escarrega\u2019l <\/strong><\/a>i contacta sense comprom\u00eds. Trobem la soluci\u00f3 que necessites.<\/h3>\n<p>comunicacio@vivelloc.cat<\/p>\n<p>&nbsp;<\/p>\n","protected":false},"excerpt":{"rendered":"<p>Fundaci\u00f3 Viver de Bell-lloc A la Fundaci\u00f3 Viver de Bell-lloc treballem des de diferents \u00e0mbits amb un mateix prop\u00f2sit: generar oportunitats reals per a persones en situaci\u00f3 de vulnerabilitat, especialment [&hellip;]<\/p>\n","protected":false},"author":2,"featured_media":0,"parent":0,"menu_order":2,"comment_status":"closed","ping_status":"closed","template":"","meta":{"_acf_changed":false,"footnotes":""},"tags":[],"class_list":["post-12373","page","type-page","status-publish","hentry"],"acf":[],"yoast_head":"<!-- This site is optimized with the Yoast SEO plugin v23.0 - https:\/\/yoast.com\/wordpress\/plugins\/seo\/ -->\n<title>Centre Especial de Treball amb Iniciativa Social de Fundaci\u00f3 Viver de Bell-lloc - Viver de Bell Lloc<\/title>\n<meta name=\"robots\" content=\"index, follow, max-snippet:-1, max-image-preview:large, max-video-preview:-1\" \/>\n<link rel=\"canonical\" href=\"https:\/\/vivelloc.cat\/ca\/discapacitat_oportunitat_laboral\/\" \/>\n<meta property=\"og:locale\" content=\"ca_ES\" \/>\n<meta property=\"og:type\" content=\"article\" \/>\n<meta property=\"og:title\" content=\"Centre Especial de Treball amb Iniciativa Social de Fundaci\u00f3 Viver de Bell-lloc - Viver de Bell Lloc\" \/>\n<meta property=\"og:description\" content=\"Fundaci\u00f3 Viver de Bell-lloc A la Fundaci\u00f3 Viver de Bell-lloc treballem des de diferents \u00e0mbits amb un mateix prop\u00f2sit: generar oportunitats reals per a persones en situaci\u00f3 de vulnerabilitat, especialment [&hellip;]\" \/>\n<meta property=\"og:url\" content=\"https:\/\/vivelloc.cat\/ca\/discapacitat_oportunitat_laboral\/\" \/>\n<meta property=\"og:site_name\" content=\"Viver de Bell Lloc\" \/>\n<meta property=\"og:image\" content=\"https:\/\/vivelloc.cat\/wp-content\/uploads\/2026\/03\/BANNERS-18-900x300.png\" \/>\n<meta name=\"twitter:card\" content=\"summary_large_image\" \/>\n<meta name=\"twitter:label1\" content=\"Temps estimat de lectura\" \/>\n\t<meta name=\"twitter:data1\" content=\"3 minuts\" \/>\n<script type=\"application\/ld+json\" class=\"yoast-schema-graph\">{\"@context\":\"https:\/\/schema.org\",\"@graph\":[{\"@type\":\"WebPage\",\"@id\":\"https:\/\/vivelloc.cat\/discapacitat_oportunitat_laboral\/\",\"url\":\"https:\/\/vivelloc.cat\/discapacitat_oportunitat_laboral\/\",\"name\":\"Centre Especial de Treball amb Iniciativa Social de Fundaci\u00f3 Viver de Bell-lloc - Viver de Bell Lloc\",\"isPartOf\":{\"@id\":\"https:\/\/vivelloc.cat\/es\/#website\"},\"primaryImageOfPage\":{\"@id\":\"https:\/\/vivelloc.cat\/discapacitat_oportunitat_laboral\/#primaryimage\"},\"image\":{\"@id\":\"https:\/\/vivelloc.cat\/discapacitat_oportunitat_laboral\/#primaryimage\"},\"thumbnailUrl\":\"https:\/\/vivelloc.cat\/wp-content\/uploads\/2026\/03\/BANNERS-18-900x300.png\",\"datePublished\":\"2026-04-07T13:34:31+00:00\",\"dateModified\":\"2026-04-07T13:34:31+00:00\",\"breadcrumb\":{\"@id\":\"https:\/\/vivelloc.cat\/discapacitat_oportunitat_laboral\/#breadcrumb\"},\"inLanguage\":\"ca\",\"potentialAction\":[{\"@type\":\"ReadAction\",\"target\":[\"https:\/\/vivelloc.cat\/discapacitat_oportunitat_laboral\/\"]}]},{\"@type\":\"ImageObject\",\"inLanguage\":\"ca\",\"@id\":\"https:\/\/vivelloc.cat\/discapacitat_oportunitat_laboral\/#primaryimage\",\"url\":\"https:\/\/vivelloc.cat\/wp-content\/uploads\/2026\/03\/BANNERS-18-900x300.png\",\"contentUrl\":\"https:\/\/vivelloc.cat\/wp-content\/uploads\/2026\/03\/BANNERS-18-900x300.png\"},{\"@type\":\"BreadcrumbList\",\"@id\":\"https:\/\/vivelloc.cat\/discapacitat_oportunitat_laboral\/#breadcrumb\",\"itemListElement\":[{\"@type\":\"ListItem\",\"position\":1,\"name\":\"Inici\",\"item\":\"https:\/\/vivelloc.cat\/\"},{\"@type\":\"ListItem\",\"position\":2,\"name\":\"Centre Especial de Treball amb Iniciativa Social de Fundaci\u00f3 Viver de Bell-lloc\"}]},{\"@type\":\"WebSite\",\"@id\":\"https:\/\/vivelloc.cat\/es\/#website\",\"url\":\"https:\/\/vivelloc.cat\/es\/\",\"name\":\"Viver de Bell Lloc\",\"description\":\"Promovem el creixement personal de persones amb disCapacitat i TSM sever\",\"potentialAction\":[{\"@type\":\"SearchAction\",\"target\":{\"@type\":\"EntryPoint\",\"urlTemplate\":\"https:\/\/vivelloc.cat\/es\/?s={search_term_string}\"},\"query-input\":\"required name=search_term_string\"}],\"inLanguage\":\"ca\"}]}<\/script>\n<!-- \/ Yoast SEO plugin. -->","yoast_head_json":{"title":"Centre Especial de Treball amb Iniciativa Social de Fundaci\u00f3 Viver de Bell-lloc - Viver de Bell Lloc","robots":{"index":"index","follow":"follow","max-snippet":"max-snippet:-1","max-image-preview":"max-image-preview:large","max-video-preview":"max-video-preview:-1"},"canonical":"https:\/\/vivelloc.cat\/ca\/discapacitat_oportunitat_laboral\/","og_locale":"ca_ES","og_type":"article","og_title":"Centre Especial de Treball amb Iniciativa Social de Fundaci\u00f3 Viver de Bell-lloc - Viver de Bell Lloc","og_description":"Fundaci\u00f3 Viver de Bell-lloc A la Fundaci\u00f3 Viver de Bell-lloc treballem des de diferents \u00e0mbits amb un mateix prop\u00f2sit: generar oportunitats reals per a persones en situaci\u00f3 de vulnerabilitat, especialment [&hellip;]","og_url":"https:\/\/vivelloc.cat\/ca\/discapacitat_oportunitat_laboral\/","og_site_name":"Viver de Bell Lloc","og_image":[{"url":"https:\/\/vivelloc.cat\/wp-content\/uploads\/2026\/03\/BANNERS-18-900x300.png"}],"twitter_card":"summary_large_image","twitter_misc":{"Temps estimat de lectura":"3 minuts"},"schema":{"@context":"https:\/\/schema.org","@graph":[{"@type":"WebPage","@id":"https:\/\/vivelloc.cat\/discapacitat_oportunitat_laboral\/","url":"https:\/\/vivelloc.cat\/discapacitat_oportunitat_laboral\/","name":"Centre Especial de Treball amb Iniciativa Social de Fundaci\u00f3 Viver de Bell-lloc - Viver de Bell Lloc","isPartOf":{"@id":"https:\/\/vivelloc.cat\/es\/#website"},"primaryImageOfPage":{"@id":"https:\/\/vivelloc.cat\/discapacitat_oportunitat_laboral\/#primaryimage"},"image":{"@id":"https:\/\/vivelloc.cat\/discapacitat_oportunitat_laboral\/#primaryimage"},"thumbnailUrl":"https:\/\/vivelloc.cat\/wp-content\/uploads\/2026\/03\/BANNERS-18-900x300.png","datePublished":"2026-04-07T13:34:31+00:00","dateModified":"2026-04-07T13:34:31+00:00","breadcrumb":{"@id":"https:\/\/vivelloc.cat\/discapacitat_oportunitat_laboral\/#breadcrumb"},"inLanguage":"ca","potentialAction":[{"@type":"ReadAction","target":["https:\/\/vivelloc.cat\/discapacitat_oportunitat_laboral\/"]}]},{"@type":"ImageObject","inLanguage":"ca","@id":"https:\/\/vivelloc.cat\/discapacitat_oportunitat_laboral\/#primaryimage","url":"https:\/\/vivelloc.cat\/wp-content\/uploads\/2026\/03\/BANNERS-18-900x300.png","contentUrl":"https:\/\/vivelloc.cat\/wp-content\/uploads\/2026\/03\/BANNERS-18-900x300.png"},{"@type":"BreadcrumbList","@id":"https:\/\/vivelloc.cat\/discapacitat_oportunitat_laboral\/#breadcrumb","itemListElement":[{"@type":"ListItem","position":1,"name":"Inici","item":"https:\/\/vivelloc.cat\/"},{"@type":"ListItem","position":2,"name":"Centre Especial de Treball amb Iniciativa Social de Fundaci\u00f3 Viver de Bell-lloc"}]},{"@type":"WebSite","@id":"https:\/\/vivelloc.cat\/es\/#website","url":"https:\/\/vivelloc.cat\/es\/","name":"Viver de Bell Lloc","description":"Promovem el creixement personal de persones amb disCapacitat i TSM sever","potentialAction":[{"@type":"SearchAction","target":{"@type":"EntryPoint","urlTemplate":"https:\/\/vivelloc.cat\/es\/?s={search_term_string}"},"query-input":"required name=search_term_string"}],"inLanguage":"ca"}]}},"_links":{"self":[{"href":"https:\/\/vivelloc.cat\/ca\/wp-json\/wp\/v2\/pages\/12373","targetHints":{"allow":["GET"]}}],"collection":[{"href":"https:\/\/vivelloc.cat\/ca\/wp-json\/wp\/v2\/pages"}],"about":[{"href":"https:\/\/vivelloc.cat\/ca\/wp-json\/wp\/v2\/types\/page"}],"author":[{"embeddable":true,"href":"https:\/\/vivelloc.cat\/ca\/wp-json\/wp\/v2\/users\/2"}],"replies":[{"embeddable":true,"href":"https:\/\/vivelloc.cat\/ca\/wp-json\/wp\/v2\/comments?post=12373"}],"version-history":[{"count":30,"href":"https:\/\/vivelloc.cat\/ca\/wp-json\/wp\/v2\/pages\/12373\/revisions"}],"predecessor-version":[{"id":12564,"href":"https:\/\/vivelloc.cat\/ca\/wp-json\/wp\/v2\/pages\/12373\/revisions\/12564"}],"wp:attachment":[{"href":"https:\/\/vivelloc.cat\/ca\/wp-json\/wp\/v2\/media?parent=12373"}],"wp:term":[{"taxonomy":"post_tag","embeddable":true,"href":"https:\/\/vivelloc.cat\/ca\/wp-json\/wp\/v2\/tags?post=12373"}],"curies":[{"name":"wp","href":"https:\/\/api.w.org\/{rel}","templated":true}]}}